{"id":5980,"date":"2021-05-01T17:31:59","date_gmt":"2021-05-01T14:31:59","guid":{"rendered":"https:\/\/miscareacharismatica.ro\/metoda-de-protectie-pentru-accesarea-internetului\/"},"modified":"2021-05-06T20:34:07","modified_gmt":"2021-05-06T17:34:07","slug":"metoda-de-protectie-pentru-accesarea-internetului","status":"publish","type":"page","link":"https:\/\/miscareacharismatica.ro\/cs\/metoda-de-protectie-pentru-accesarea-internetului\/","title":{"rendered":"Ochrann\u00e1 metoda pro p\u0159\u00edstup na internet"},"content":{"rendered":"<div class=\"entry-content\">\n<p>Kdykoli spou\u0161t\u00edme za\u0159\u00edzen\u00ed pro p\u0159\u00edstup a p\u0159ipojen\u00ed k internetu 3x se pok\u0159i\u017eujeme sm\u011brem k n\u011bmu a pron\u00e1\u0161\u00edme: \u201e<b>Ve jm\u00e9nu Nebesk\u00e9ho Otce, Boha, ve jm\u00e9nu jeho Syna Je\u017e\u00ed\u0161e a ve jm\u00e9nu Svat\u00e9ho Ducha. Amen.\u201d<\/b><\/p>\n<p>Pot\u00e9, co jsme provedli znamen\u00ed k\u0159\u00ed\u017ee a vysolovili odpov\u00eddaj\u00edc\u00ed formuli, proneseme d\u00e1le n\u00e1sleduj\u00edc\u00ed invokaci:\u00a0<b>\u201eVyvol\u00e1v\u00e1m, tady a te\u010f, s \u00faplnou v\u00edrou, pokorou a opr\u00e1vn\u011bnou nad\u011bj\u00ed projev bo\u017e\u00ed V\u0161emohoucnosti, kter\u00fd okam\u017eit\u011b, naprostn\u00fdm a nepodm\u00edn\u011bn\u00fdm zp\u016fsobem odstran\u00ed, po celou dobu t\u00e9to \u010dinnosti, jak\u00fdkoli \u010f\u00e1belsk\u00fd, satansk\u00fd vliv, kter\u00fd by mohl p\u016fsobit v tomto n\u00e1stroji a jeho prost\u0159ednictv\u00edm. K tomu mi dopom\u00e1hej B\u016fh. Amen. Amen. Amen.\u201d\u00a0<\/b><\/p>\n<p>Tato exorcistn\u00ed formule se pron\u00e1\u0161\u00ed 3x. Na z\u00e1v\u011br t\u00e9to promluvy budeme poka\u017ed\u00e9 vn\u00edmat nepopsateln\u00fd stav hlubok\u00e9ho bezpe\u010d\u00ed a zvl\u00e1\u0161tn\u00ed bo\u017e\u00ed ochrany.<\/p>\n<p><b>Ne\u017e se pak p\u0159ipoj\u00edme na internet, v\u011bnujeme tento akt Bohu Otci.<\/b><\/p>\n<p>Je-li bo\u017e\u00ed odpov\u011b\u010f souhlasn\u00e1, prov\u00e1d\u00edme d\u00e1le 3 po\u017eehn\u00e1n\u00ed za pou\u017eit\u00ed n\u00e1sleduj\u00edc\u00ed formule:<\/p>\n<p><b>\u201ePane Bo\u017ee, Nebesk\u00fd Ot\u010de, pokorn\u011b T\u011b pros\u00edm po\u017eehnej energi\u00ed sv\u00e9ho bo\u017esk\u00e9ho po\u017eehn\u00e1n\u00ed tento n\u00e1stroj, kter\u00fd pou\u017e\u00edv\u00e1m a pros\u00edm T\u011b odstra\u0148 \u00fapln\u011b a nepodm\u00edn\u011bn\u011b, po celou dobu, co ho budu pou\u017e\u00edvat, jak\u00fdkoli \u0161kodliv\u00fd, \u010f\u00e1belsk\u00fd a satansk\u00fd vliv, kter\u00fd by se mohl uplatnit z \u00faklad\u016f toho zl\u00e9ho a podl\u00e9ho, a vylij na n\u011bj m\u00fdm prost\u0159ednictv\u00edm svou nejvy\u0161\u0161\u00ed milost. Bu\u010f V\u016fle Tv\u00e1! Amen!\u201d<\/b><\/p>\n<\/div>\n","protected":false},"excerpt":{"rendered":"<p>Kdykoli spou\u0161t\u00edme za\u0159\u00edzen\u00ed pro p\u0159\u00edstup a p\u0159ipojen\u00ed k internetu 3x se pok\u0159i\u017eujeme sm\u011brem k n\u011bmu a pron\u00e1\u0161\u00edme: \u201eVe jm\u00e9nu Nebesk\u00e9ho Otce, Boha, ve jm\u00e9nu jeho Syna Je\u017e\u00ed\u0161e a ve jm\u00e9nu Svat\u00e9ho Ducha. Amen.\u201d Pot\u00e9, co jsme provedli znamen\u00ed k\u0159\u00ed\u017ee a vysolovili odpov\u00eddaj\u00edc\u00ed formuli, proneseme d\u00e1le n\u00e1sleduj\u00edc\u00ed invokaci:\u00a0\u201eVyvol\u00e1v\u00e1m, tady a te\u010f, s \u00faplnou v\u00edrou, pokorou a [&hellip;]<\/p>\n","protected":false},"author":2025,"featured_media":0,"parent":0,"menu_order":0,"comment_status":"closed","ping_status":"closed","template":"","meta":{"footnotes":""},"class_list":["post-5980","page","type-page","status-publish"],"_links":{"self":[{"href":"https:\/\/miscareacharismatica.ro\/cs\/wp-json\/wp\/v2\/pages\/5980","targetHints":{"allow":["GET"]}}],"collection":[{"href":"https:\/\/miscareacharismatica.ro\/cs\/wp-json\/wp\/v2\/pages"}],"about":[{"href":"https:\/\/miscareacharismatica.ro\/cs\/wp-json\/wp\/v2\/types\/page"}],"author":[{"embeddable":true,"href":"https:\/\/miscareacharismatica.ro\/cs\/wp-json\/wp\/v2\/users\/2025"}],"replies":[{"embeddable":true,"href":"https:\/\/miscareacharismatica.ro\/cs\/wp-json\/wp\/v2\/comments?post=5980"}],"version-history":[{"count":1,"href":"https:\/\/miscareacharismatica.ro\/cs\/wp-json\/wp\/v2\/pages\/5980\/revisions"}],"predecessor-version":[{"id":5992,"href":"https:\/\/miscareacharismatica.ro\/cs\/wp-json\/wp\/v2\/pages\/5980\/revisions\/5992"}],"wp:attachment":[{"href":"https:\/\/miscareacharismatica.ro\/cs\/wp-json\/wp\/v2\/media?parent=5980"}],"curies":[{"name":"wp","href":"https:\/\/api.w.org\/{rel}","templated":true}]}}