{"id":6010,"date":"2021-05-01T15:59:19","date_gmt":"2021-05-01T12:59:19","guid":{"rendered":"https:\/\/miscareacharismatica.ro\/login\/"},"modified":"2021-06-19T19:48:20","modified_gmt":"2021-06-19T16:48:20","slug":"prihlasit-se","status":"publish","type":"page","link":"https:\/\/miscareacharismatica.ro\/cs\/prihlasit-se\/","title":{"rendered":"P\u0159ihl\u00e1sit se"},"content":{"rendered":"<p>Osoby, kter\u00e9 se ji\u017e zaregistrovaly na intenetov\u00fdch str\u00e1nk\u00e1ch Charismatick\u00e9ho teofanick\u00e9ho hnut\u00ed pou\u017eij\u00ed pro poslech p\u0159edn\u00e1\u0161ek z kv\u011btna 2021 stejn\u00e9 u\u017eivatelsk\u00e9 jm\u00e9no a heslo (pozor, zde ji\u017e nen\u00ed pot\u0159eba p\u0159\u00edstupov\u00fd k\u00f3d. Ten bylo t\u0159eba zadat pouze jedenkr\u00e1t, a to p\u0159i registraci).<\/p>\n<p>Zde vlo\u017ete u\u017eivatelsk\u00e9 jm\u00e9no a heslo:<\/p>\n\n<div class=\"mp_wrapper mp_login_form\">\n                  <!-- mp-login-form-start -->     <form name=\"mepr_loginform\" id=\"mepr_loginform\" class=\"mepr-form\" action=\"https:\/\/miscareacharismatica.ro\/login\/\" method=\"post\">\n            <div class=\"mp-form-row mepr_username\">\n        <div class=\"mp-form-label\">\n                              <label for=\"user_login\">U\u017eivatelsk\u00e9 jm\u00e9no nebo e-mail<\/label>\n        <\/div>\n        <input type=\"text\" name=\"log\" id=\"user_login\" value=\"\" \/>\n      <\/div>\n      <div class=\"mp-form-row mepr_password\">\n        <div class=\"mp-form-label\">\n          <label for=\"user_pass\">Heslo<\/label>\n          <div class=\"mp-hide-pw\">\n            <input type=\"password\" name=\"pwd\" id=\"user_pass\" value=\"\" \/>\n            <button type=\"button\" class=\"button mp-hide-pw hide-if-no-js\" data-toggle=\"0\" aria-label=\"Zobrazit heslo\">\n              <span class=\"dashicons dashicons-visibility\" aria-hidden=\"true\"><\/span>\n            <\/button>\n          <\/div>\n        <\/div>\n      <\/div>\n            <div>\n        <label><input name=\"rememberme\" type=\"checkbox\" id=\"rememberme\" value=\"forever\" \/> Zapamatovat si m\u011b<\/label>\n      <\/div>\n      <div class=\"mp-spacer\">&nbsp;<\/div>\n      <div class=\"submit\">\n        <input type=\"submit\" name=\"wp-submit\" id=\"wp-submit\" class=\"button-primary mepr-share-button \" value=\"P\u0159ihl\u00e1sit\" \/>\n        <input type=\"hidden\" name=\"redirect_to\" value=\"\/cs\/wp-json\/wp\/v2\/pages\/6010\" \/>\n        <input type=\"hidden\" name=\"mepr_process_login_form\" value=\"true\" \/>\n        <input type=\"hidden\" name=\"mepr_is_login_page\" value=\"false\" \/>\n      <\/div>\n    <\/form>\n    <div class=\"mp-spacer\">&nbsp;<\/div>\n    <div class=\"mepr-login-actions\">\n        <a\n          href=\"https:\/\/miscareacharismatica.ro\/login\/?action=forgot_password\"\n          title=\"Click here to reset your password\"\n        >\n          Zapomenut\u00e9 heslo        <\/a>\n    <\/div>\n\n      \n    <!-- mp-login-form-end --> \n  <\/div>\n\n<p>&nbsp;<\/p>\n<p>Osoby, kter\u00e9 se zat\u00edm st\u00e1le je\u0161t\u011b nezaregistrovaly, ale maj\u00ed k\u00f3d pro Charismatick\u00e9 teofanick\u00e9 hnut\u00ed, se mus\u00ed zaregistrovat na k tomu <a href=\"https:\/\/miscareacharismatica.ro\/cs\/registrace\/\" target=\"_blank\" rel=\"noopener\"><strong>ur\u010den\u00e9 str\u00e1nce<\/strong><\/a>.<\/p>\n<p>Osoby, kter\u00e9 nemaj\u00ed k\u00f3d Charismatick\u00e9ho teofanick\u00e9ho hnut\u00ed, nebo ho ztratily bez toho, aby ho p\u0159ed t\u00edm pou\u017eily k registraci, \u0219i mohou vy\u017e\u00e1dat k\u00f3d nov\u00fd, dle n\u00e1sleduj\u00edc\u00edch pokyn\u016f:<\/p>\n<p>1.Kurzist\u00e9 \u0161koly v Rumunku za\u0161lou e-mail na <strong><a href=\"mailto:mctonline2021@gmail.com\" target=\"_blank\" rel=\"noopener\">mctonline2021@gmail.com<\/a>.<\/strong><br \/>\n2. Instrukto\u0159i j\u00f3gy v Rumunsku a zahrani\u010d\u00ed, lekto\u0159i ajurv\u00e9dy a kurzist\u00e9 ze zahrani\u010d\u00ed za\u010dlou e-mail na adresu <a href=\"mailto:mct2i@yahoo.com\" target=\"_blank\" rel=\"noopener\"><strong>mct2i@yahoo.com<\/strong><\/a>.<\/p>\n<p>V e-mailu pros\u00edm uv\u011b\u010fte: p\u0159\u00edjmen\u00ed, jm\u00e9no, ro\u010dn\u00edk kurzu, m\u011bsto, k\u00f3d z legitimace Charismatick\u00e9ho teofanick\u00e9ho hnut\u00ed, nebo seriov\u00e9 \u010d\u00edslo kuponu v p\u0159\u00edpad\u011b t\u011bch, kdo byli p\u0159ijati, ale zat\u00edm nemaj\u00ed legitimaci MCT (nap\u0159. ROM001000).<\/p>\n<p>Ka\u017ed\u00e1 p\u0159ihl\u00e1\u0161en\u00e1 osoba obdr\u017e\u00ed na emailov\u00e9 adrese, s n\u00ed\u017e se zaregistrovala, p\u0159\u00edstupov\u00fd k\u00f3d spolu s p\u0159\u00edslu\u0161n\u00fdmi instrukcemi. K\u00f3d je osobn\u00ed a nep\u0159enosn\u00fd.<\/p>\n","protected":false},"excerpt":{"rendered":"<p>Osoby, kter\u00e9 se ji\u017e zaregistrovaly na intenetov\u00fdch str\u00e1nk\u00e1ch Charismatick\u00e9ho teofanick\u00e9ho hnut\u00ed pou\u017eij\u00ed pro poslech p\u0159edn\u00e1\u0161ek z kv\u011btna 2021 stejn\u00e9 u\u017eivatelsk\u00e9 jm\u00e9no a heslo (pozor, zde ji\u017e nen\u00ed pot\u0159eba p\u0159\u00edstupov\u00fd k\u00f3d. Ten bylo t\u0159eba zadat pouze jedenkr\u00e1t, a to p\u0159i registraci). Zde vlo\u017ete u\u017eivatelsk\u00e9 jm\u00e9no a heslo: &nbsp; Osoby, kter\u00e9 se zat\u00edm st\u00e1le je\u0161t\u011b nezaregistrovaly, ale [&hellip;]<\/p>\n","protected":false},"author":2025,"featured_media":0,"parent":0,"menu_order":0,"comment_status":"closed","ping_status":"closed","template":"","meta":{"footnotes":""},"class_list":["post-6010","page","type-page","status-publish"],"_links":{"self":[{"href":"https:\/\/miscareacharismatica.ro\/cs\/wp-json\/wp\/v2\/pages\/6010","targetHints":{"allow":["GET"]}}],"collection":[{"href":"https:\/\/miscareacharismatica.ro\/cs\/wp-json\/wp\/v2\/pages"}],"about":[{"href":"https:\/\/miscareacharismatica.ro\/cs\/wp-json\/wp\/v2\/types\/page"}],"author":[{"embeddable":true,"href":"https:\/\/miscareacharismatica.ro\/cs\/wp-json\/wp\/v2\/users\/2025"}],"replies":[{"embeddable":true,"href":"https:\/\/miscareacharismatica.ro\/cs\/wp-json\/wp\/v2\/comments?post=6010"}],"version-history":[{"count":5,"href":"https:\/\/miscareacharismatica.ro\/cs\/wp-json\/wp\/v2\/pages\/6010\/revisions"}],"predecessor-version":[{"id":6705,"href":"https:\/\/miscareacharismatica.ro\/cs\/wp-json\/wp\/v2\/pages\/6010\/revisions\/6705"}],"wp:attachment":[{"href":"https:\/\/miscareacharismatica.ro\/cs\/wp-json\/wp\/v2\/media?parent=6010"}],"curies":[{"name":"wp","href":"https:\/\/api.w.org\/{rel}","templated":true}]}}