{"id":6046,"date":"2021-05-09T22:33:37","date_gmt":"2021-05-09T19:33:37","guid":{"rendered":"https:\/\/miscareacharismatica.ro\/cu-dumnezeu-pentru-dumnezeu-in-dumnezeu-intru-dumnezeu\/"},"modified":"2021-05-11T18:46:31","modified_gmt":"2021-05-11T15:46:31","slug":"s-bohem-pro-boha-v-bohu-do-boha","status":"publish","type":"page","link":"https:\/\/miscareacharismatica.ro\/cs\/s-bohem-pro-boha-v-bohu-do-boha\/","title":{"rendered":"S Bohem, pro Boha, v Bohu, do Boha"},"content":{"rendered":"<p><strong>V\u00fdjime\u010dn\u00e9 duchovn\u00ed spole\u010denstv\u00ed, kter\u00e9 vzniklo v roce 2009<\/strong><\/p>\n<p>Charismatick\u00e9 Teofanick\u00e9 Hnut\u00ed je velmi v\u00fdjime\u010dn\u00e9 duchovn\u00ed spole\u010denstv\u00ed, kter\u00e9 bylo zalo\u017eeno u\u010ditelem j\u00f3gy Gregorianem Bivolaru v roce 2009 s mottem \u201eS Bohem, pro Boha, v Bohu, do Boha\u201c. Je ur\u010deno up\u0159\u00edmn\u00fdm hleda\u010d\u016fm, kte\u0159\u00ed usiluj\u00ed o probuzen\u00ed sv\u00e9 du\u0161e a objeven\u00ed Boha jak ve sv\u00e9m vnit\u0159n\u00edm vesm\u00edru, tak ve v\u0161em kolem sebe, \u010d\u00edm\u017e je toto hnut\u00ed otev\u0159eno v\u0161em lidem, kte\u0159\u00ed c\u00edt\u00ed intenzivn\u00ed aspiraci dos\u00e1hnout pozn\u00e1n\u00ed Boha, vstoupit do spole\u010denstv\u00ed s tajemnou, v\u0161udyp\u0159\u00edtomnou a v\u0161ev\u011bdouc\u00ed Bo\u017e\u00ed bytost\u00ed, kter\u00e1 zahrnuje cel\u00e9 Stvo\u0159en\u00ed a Projev.<\/p>\n<p>\u00da\u010dastn\u00edci tohoto hnut\u00ed pravideln\u011b t\u011b\u017e\u00ed z rozs\u00e1hl\u00fdch teoretick\u00fdch v\u00fdklad\u016f o existenci Boha a Jeho tajemstv\u00edch, kter\u00e9 jsou koncipov\u00e1ny na z\u00e1klad\u011b zjeven\u00ed a duchovn\u00edch zku\u0161enost\u00ed zakladatele tohoto hnut\u00ed. Krom\u011b t\u011bchto prezentac\u00ed jsou \u00fa\u010dastn\u00edk\u016fm nab\u00edzeny nosi\u010de s p\u0159edn\u00e1\u0161kami, hudbou nebo dokumenty, stejn\u011b jako knihy, ur\u010den\u00e9 k tomu, aby uchaze\u010d\u016fm pomohli otev\u0159\u00edt sv\u00e1 srdce hlub\u0161\u00edmu, osobn\u00edmu vztahu s Bohem.<\/p>\n<p>Silov\u00e1 my\u0161lenka, kter\u00e1 o\u017eivuje toto duchovn\u00ed hnut\u00ed, je: \u201ePevn\u011b a siln\u011b projevuji, ve sv\u00e9m vnit\u0159n\u00edm vesm\u00edru, intenzivn\u00ed a bo\u017eskou aspiraci, kter\u00e1 je zdvojn\u00e1sobena neot\u0159esitelnou v\u00edrou v Boha. T\u00edm, \u017ee ji takto bez ust\u00e1n\u00ed \u017eiv\u00edm, \u017eiv\u00edm i svou du\u0161i. Tato aspirace mi ka\u017edou chv\u00edl\u00ed pom\u00e1h\u00e1 se \u010d\u00edm d\u00e1l v\u00edce p\u0159ibli\u017eovat k Bohu.\u201c<\/p>\n<p><strong>Objevov\u00e1n\u00ed esoterick\u00e9 dimenze k\u0159es\u0165anstv\u00ed<\/strong><\/p>\n<p>Charismatick\u00e9 Teofanick\u00e9 Hnut\u00ed je z velk\u00e9 \u010d\u00e1sti zalo\u017eeno na zjeven\u00edch a u\u010den\u00edch Je\u017e\u00ed\u0161e Krista a nahl\u00ed\u017eeno z perspektivy, kter\u00e1 vede k postupn\u00e9mu objevov\u00e1n\u00ed esoterick\u00e9 a ohromuj\u00edc\u00ed dimenze k\u0159es\u0165anstv\u00ed. Zvl\u00e1\u0161tn\u00ed hodnotu maj\u00ed zjeven\u00ed o tajemstv\u00edch r\u016fzn\u00fdch bo\u017e\u00edch atributech, kter\u00e9 jsou, podle t\u011bchto zjeven\u00ed, nekone\u010dn\u00e9, vzne\u0161en\u00e9, voln\u00e9, subtiln\u00ed energie, kter\u00e9 se nach\u00e1zej\u00ed, ve v\u011b\u010dnosti, v nekone\u010dn\u00e9 Bo\u017e\u00ed bytosti a jejich\u017e konkr\u00e9tn\u00ed frekvence vibrac\u00ed se nikdy nem\u011bn\u00ed.<\/p>\n<p><strong>Prohlubov\u00e1n\u00ed vztahu s Bohem<\/strong><\/p>\n<p>Toto duchovn\u00ed hnut\u00ed si klade za c\u00edl vytvo\u0159it dokonal\u00fd r\u00e1mec pro uchaze\u010de, kte\u0159\u00ed cht\u011bj\u00ed poznat soubornou synt\u00e9zu autentick\u00e9 duchovnosti, jako\u017e i realitu stvo\u0159en\u00ed a Bo\u017e\u00edch z\u00e1kon\u016f, pozn\u00e1n\u00ed, kter\u00e9 umo\u017e\u0148uje prohloubit vztah s Bohem. Dal\u0161\u00edm c\u00edlem je i pomoci v\u0161em, kdo up\u0159\u00edmn\u011b usiluj\u00ed p\u0159es\u00e1hnout \u010dist\u011b form\u00e1ln\u00ed, dogmatick\u00e9 prosazov\u00e1n\u00ed n\u00e1bo\u017eensk\u00e9ho c\u00edt\u011bn\u00ed a kdo usiluj\u00ed p\u0159\u00edmou zku\u0161enost\u00ed vstoupit do \u0159\u00ed\u0161e ohromuj\u00edc\u00edho pozn\u00e1n\u00ed tajemn\u00e9 Bo\u017e\u00ed bytosti, aby tito uchaze\u010di mohli usp\u011bt v p\u0159\u00edm\u00e9m, hlubok\u00e9m, nepopsateln\u00e9m a osobn\u00edmu vztahu s Bohem, kter\u00fd bude napln\u011bn p\u0159edev\u0161\u00edm l\u00e1skou.<\/p>\n<p>V tomto smyslu se b\u011bhem setk\u00e1n\u00ed organizovan\u00fdch v r\u00e1mci Charismatick\u00e9ho teofanick\u00e9ho hnut\u00ed prov\u00e1d\u00ed unisono \u0159ada meditac\u00ed, kter\u00e9 umo\u017e\u0148uj\u00ed prost\u0159ednictv\u00edm takto z\u00edskan\u00e9 duchovn\u00ed zku\u0161enosti, aby se ka\u017ed\u00fd vnit\u0159n\u011b obohatil a m\u011bl st\u00e1le v\u011bt\u0161\u00ed u\u017eitek ze v\u0161eho, co mu B\u016fh Otec nab\u00edz\u00ed.<\/p>\n","protected":false},"excerpt":{"rendered":"<p>V\u00fdjime\u010dn\u00e9 duchovn\u00ed spole\u010denstv\u00ed, kter\u00e9 vzniklo v roce 2009 Charismatick\u00e9 Teofanick\u00e9 Hnut\u00ed je velmi v\u00fdjime\u010dn\u00e9 duchovn\u00ed spole\u010denstv\u00ed, kter\u00e9 bylo zalo\u017eeno u\u010ditelem j\u00f3gy Gregorianem Bivolaru v roce 2009 s mottem \u201eS Bohem, pro Boha, v Bohu, do Boha\u201c. Je ur\u010deno up\u0159\u00edmn\u00fdm hleda\u010d\u016fm, kte\u0159\u00ed usiluj\u00ed o probuzen\u00ed sv\u00e9 du\u0161e a objeven\u00ed Boha jak ve sv\u00e9m vnit\u0159n\u00edm vesm\u00edru, tak [&hellip;]<\/p>\n","protected":false},"author":2025,"featured_media":0,"parent":0,"menu_order":0,"comment_status":"closed","ping_status":"closed","template":"","meta":{"footnotes":""},"class_list":["post-6046","page","type-page","status-publish"],"_links":{"self":[{"href":"https:\/\/miscareacharismatica.ro\/cs\/wp-json\/wp\/v2\/pages\/6046","targetHints":{"allow":["GET"]}}],"collection":[{"href":"https:\/\/miscareacharismatica.ro\/cs\/wp-json\/wp\/v2\/pages"}],"about":[{"href":"https:\/\/miscareacharismatica.ro\/cs\/wp-json\/wp\/v2\/types\/page"}],"author":[{"embeddable":true,"href":"https:\/\/miscareacharismatica.ro\/cs\/wp-json\/wp\/v2\/users\/2025"}],"replies":[{"embeddable":true,"href":"https:\/\/miscareacharismatica.ro\/cs\/wp-json\/wp\/v2\/comments?post=6046"}],"version-history":[{"count":1,"href":"https:\/\/miscareacharismatica.ro\/cs\/wp-json\/wp\/v2\/pages\/6046\/revisions"}],"predecessor-version":[{"id":6055,"href":"https:\/\/miscareacharismatica.ro\/cs\/wp-json\/wp\/v2\/pages\/6046\/revisions\/6055"}],"wp:attachment":[{"href":"https:\/\/miscareacharismatica.ro\/cs\/wp-json\/wp\/v2\/media?parent=6046"}],"curies":[{"name":"wp","href":"https:\/\/api.w.org\/{rel}","templated":true}]}}