{"id":6063,"date":"2021-05-10T21:16:23","date_gmt":"2021-05-10T18:16:23","guid":{"rendered":"https:\/\/miscareacharismatica.ro\/regulamentul-activitatilor-online-ale-miscarii-charismatice-teofanice\/"},"modified":"2021-05-12T20:04:13","modified_gmt":"2021-05-12T17:04:13","slug":"rozpis-aktivit-charismatickeho-teofanickeho-hnuti","status":"publish","type":"page","link":"https:\/\/miscareacharismatica.ro\/cs\/rozpis-aktivit-charismatickeho-teofanickeho-hnuti\/","title":{"rendered":"Rozpis Aktivit Charismatick\u00e9ho Teofanick\u00e9ho hnut\u00ed"},"content":{"rendered":"<p>Aktivity Charismatick\u00e9ho Teofanick\u00e9ho Hnut\u00ed, zkr\u00e1cen\u011b (MCT), stru\u010dn\u011b nazveme \u201eaktivity MCT\u201c.<\/p>\n<ul>\n<li>Aktivity MCT jsou vyhrazeny osob\u00e1m star\u0161\u00edm 18 let, kter\u00e9 jsou dr\u017eiteli platn\u00e9ho pr\u016fkazu MCT nebo platn\u00e9ho potvrzen\u00ed MCT.<br \/>\nP\u0159edb\u011b\u017en\u00fdm stvrzen\u00edm registra\u010dn\u00edho formul\u00e1\u0159e a p\u0159ijet\u00edm podm\u00ednek p\u0159\u00edstupu na tomto webu potvrzujete, \u017ee je v\u00e1m p\u0159es 18 let.<\/li>\n<li>P\u0159\u00edstupov\u00fd k\u00f3d na webov\u00fdch str\u00e1nk\u00e1ch aktivit MCT je unik\u00e1tn\u00ed a nep\u0159enosn\u00fd. Pochopte pros\u00edm, \u017ee pokud se objev\u00ed pokusy o p\u0159ipojen\u00ed se stejn\u00fdm k\u00f3dem sou\u010dasn\u011b na r\u016fzn\u00fdch m\u00edstech, zablokujeme k tomuto k\u00f3du p\u0159\u00edstup .<\/li>\n<li>Ke v\u0161em p\u0159edn\u00e1\u0161k\u00e1m, kter\u00e9 budou sou\u010d\u00e1st MCT, bude poskytov\u00e1n p\u0159eklad do angli\u010dtiny, \u0161pan\u011bl\u0161tiny, ru\u0161tiny, \u010de\u0161tiny, ma\u010far\u0161tiny a ital\u0161tiny na odpov\u00eddaj\u00edc\u00edch kan\u00e1lech.<br \/>\nPodrobn\u00fd program MCT bude k dispozici na SPECIALIZOVAN\u00c9 webov\u00e9 str\u00e1nce MCT. Pros\u00edm berte na v\u011bdom\u00ed \u017ee se u n\u011bkter\u00fdch premi\u00e9rov\u00fdch p\u0159edn\u00e1\u0161ek mohou na posledn\u00ed chv\u00edli objevit zm\u011bny v programu, a to bu\u010f na jeho za\u010d\u00e1tku, b\u011bhem n\u011bj, nebo na jeho konci. Tyto zm\u011bny budou ozn\u00e1meny v\u010das a budou viditeln\u011b ozna\u010deny ve vyhrazen\u00e9m programu.<\/li>\n<li>Doporu\u010dujeme \u00fa\u010dastn\u00edk\u016fm, aby p\u0159ed ka\u017ed\u00fdm p\u0159ipojen\u00edm provedli ochrannou metodu pro p\u0159ipojen\u00ed k internetu, kter\u00e1 bude k dispozici na webov\u00e9 str\u00e1nce, na za\u010d\u00e1tku ka\u017ed\u00e9ho programov\u00e9ho bloku.<br \/>\nM\u00e1te-li technick\u00e9 probl\u00e9my a ot\u00e1zky, m\u00e1te k dispozici chatovac\u00ed okno na prav\u00e9 stran\u011b obrazovky. Pozor, chat nebude odpov\u00eddat na ot\u00e1zky t\u00fdkaj\u00edc\u00ed se obsahu p\u0159edn\u00e1\u0161ek, ale v\u00fdhradn\u011b na ot\u00e1zky technick\u00e9ho nebo administrativn\u00edho charakteru.<\/li>\n<li>Budeme r\u00e1di, kdy\u017e s n\u00e1mi budete sd\u00edlet sv\u00e9 pro\u017eitky \u010di pokl\u00e1dat dotazy vztahuj\u00edc\u00ed p\u0159\u00edmo na konkr\u00e9tn\u00ed webov\u00e9 str\u00e1nce, kde poka\u017ed\u00e9 uvedete va\u0161e jm\u00e9no, p\u0159\u00edjmen\u00ed, ro\u010dn\u00edk va\u0161eho kurzu a m\u011bsto, n\u00e1zev p\u0159edn\u00e1\u0161ky nebo meditace (pokud m\u00e1 p\u0159edn\u00e1\u0161ka v\u00edce ne\u017e jednu stranu, je vhodn\u00e9 uv\u00e9st o jakou stranu se jedn\u00e1). Na tyto ot\u00e1zky obdr\u017e\u00edte odpov\u011bdi v n\u00e1sleduj\u00edch pr\u00e1zdninov\u00fdch t\u00e1borech.\u00a0Odpov\u011bdi neobdr\u017e\u00edte osobn\u011b, budou v\u00e1m zasl\u00e1ny e-mailem.<\/li>\n<li>Osoby, kter\u00e9 se zaregistruj\u00ed na webov\u00fdch str\u00e1nk\u00e1ch po zah\u00e1jen\u00ed aktivit MCT 2020, se budou moci \u00fa\u010dastnit pouze aktivit, kter\u00e9 se t\u00fdkaj\u00ed zb\u00fdvaj\u00edc\u00edch dn\u00ed; nebudou moci po\u017eadovat p\u0159\u00edpadn\u00e9 opakov\u00e1n\u00ed aktivit MCT 2020, kter\u00fdch se nez\u00fa\u010dastnili.<\/li>\n<li>P\u0159ejete-li si dost\u00e1vat ozn\u00e1men\u00ed t\u00fdkaj\u00edc\u00ed se t\u011bchto aktivit s dostate\u010dn\u00fdm p\u0159edstihem (nap\u0159\u00edklad o mo\u017en\u00fdch zm\u011bn\u00e1ch programu), mohou se ti, kdo si to p\u0159ej\u00ed, p\u0159ihl\u00e1sit k odb\u011bru k tomu ur\u010den\u00e9mu t\u00e1borov\u00e9mu kan\u00e1lu na Telegramu prost\u0159ednictv\u00edm odkazu\u00a0<a href=\"https:\/\/t.me\/tabaraonline\">https:\/\/t.me\/tabaraonline<\/a>. Tento kan\u00e1l nen\u00ed diskusn\u00edm f\u00f3rem; nebude se zde odpov\u00eddat na \u017e\u00e1dn\u00e9 ot\u00e1zky, slou\u017e\u00ed pouze a v\u00fdhradn\u011b ke zve\u0159ejn\u011bn\u00ed p\u0159\u00edpadn\u00fdch ozn\u00e1men\u00ed.<\/li>\n<\/ul>\n","protected":false},"excerpt":{"rendered":"<p>Aktivity Charismatick\u00e9ho Teofanick\u00e9ho Hnut\u00ed, zkr\u00e1cen\u011b (MCT), stru\u010dn\u011b nazveme \u201eaktivity MCT\u201c. Aktivity MCT jsou vyhrazeny osob\u00e1m star\u0161\u00edm 18 let, kter\u00e9 jsou dr\u017eiteli platn\u00e9ho pr\u016fkazu MCT nebo platn\u00e9ho potvrzen\u00ed MCT. P\u0159edb\u011b\u017en\u00fdm stvrzen\u00edm registra\u010dn\u00edho formul\u00e1\u0159e a p\u0159ijet\u00edm podm\u00ednek p\u0159\u00edstupu na tomto webu potvrzujete, \u017ee je v\u00e1m p\u0159es 18 let. P\u0159\u00edstupov\u00fd k\u00f3d na webov\u00fdch str\u00e1nk\u00e1ch aktivit MCT je unik\u00e1tn\u00ed [&hellip;]<\/p>\n","protected":false},"author":2025,"featured_media":0,"parent":0,"menu_order":0,"comment_status":"closed","ping_status":"closed","template":"","meta":{"footnotes":""},"class_list":["post-6063","page","type-page","status-publish"],"_links":{"self":[{"href":"https:\/\/miscareacharismatica.ro\/cs\/wp-json\/wp\/v2\/pages\/6063","targetHints":{"allow":["GET"]}}],"collection":[{"href":"https:\/\/miscareacharismatica.ro\/cs\/wp-json\/wp\/v2\/pages"}],"about":[{"href":"https:\/\/miscareacharismatica.ro\/cs\/wp-json\/wp\/v2\/types\/page"}],"author":[{"embeddable":true,"href":"https:\/\/miscareacharismatica.ro\/cs\/wp-json\/wp\/v2\/users\/2025"}],"replies":[{"embeddable":true,"href":"https:\/\/miscareacharismatica.ro\/cs\/wp-json\/wp\/v2\/comments?post=6063"}],"version-history":[{"count":2,"href":"https:\/\/miscareacharismatica.ro\/cs\/wp-json\/wp\/v2\/pages\/6063\/revisions"}],"predecessor-version":[{"id":6082,"href":"https:\/\/miscareacharismatica.ro\/cs\/wp-json\/wp\/v2\/pages\/6063\/revisions\/6082"}],"wp:attachment":[{"href":"https:\/\/miscareacharismatica.ro\/cs\/wp-json\/wp\/v2\/media?parent=6063"}],"curies":[{"name":"wp","href":"https:\/\/api.w.org\/{rel}","templated":true}]}}