{"id":6083,"date":"2021-05-11T22:38:27","date_gmt":"2021-05-11T19:38:27","guid":{"rendered":"https:\/\/miscareacharismatica.ro\/termeni-si-conditii-de-acces\/"},"modified":"2021-05-12T23:40:16","modified_gmt":"2021-05-12T20:40:16","slug":"podminky-pouzivani","status":"publish","type":"page","link":"https:\/\/miscareacharismatica.ro\/cs\/podminky-pouzivani\/","title":{"rendered":"Podm\u00ednky pou\u017e\u00edv\u00e1n\u00ed"},"content":{"rendered":"<p><strong>V\u0161eobecn\u00e9 podm\u00ednky pou\u017e\u00edv\u00e1n\u00ed str\u00e1nek Mi\u0219carea Charismatic\u0103 Teofanic\u0103: miscareacharismatica.ro\u00a0a subdom\u00e9n<\/strong><strong>\u00a0<\/strong><\/p>\n<ol>\n<li><strong> Informace o str\u00e1nce<\/strong><\/li>\n<\/ol>\n<p>1.1. Webov\u00e1 str\u00e1nka MCT\/misatv.ro\/misa.tv je provozov\u00e1na ASOCIA\u0162IA NA\u0162IONAL\u0102 PENTRU PROMOVAREA MEDICINELOR NECONVEN\u0162IONALE<\/p>\n<p>AMN ROMANIA se s\u00eddlem v Bukure\u0161ti, registrovan\u00e9 pod reg. \u010d. 219\/PJ\/1992, MS-264\/14.04.1992, 94\/PJ\/2004, 80-2\/375149, 128\/PJ\/2007, C.I.F. 9347616, v r\u00e1mci t\u011bchto podm\u00ednek d\u00e1le\u00a0<strong>MCT<\/strong>.<\/p>\n<ol start=\"2\">\n<li><strong> Du\u0161evn\u00ed vlastnictv\u00ed<\/strong><\/li>\n<\/ol>\n<p>2.1 Obsah a zku\u0161enosti s pou\u017e\u00edv\u00e1n\u00edm webov\u00fdch str\u00e1nek MCT jsou vlastnictv\u00edm MCT a jsou chr\u00e1n\u011bny rumunsk\u00fdmi pr\u00e1vn\u00edmi p\u0159edpisy souvisej\u00edc\u00edmi s autorsk\u00fdmi pr\u00e1vy a souvisej\u00edc\u00edmi pr\u00e1vy. Text zve\u0159ejn\u011bn\u00fd u\u017eivateli v sekci \u201eP\u0159idat koment\u00e1\u0159\u201c se st\u00e1v\u00e1 vlastnictv\u00edm MCT od okam\u017eiku zve\u0159ejn\u011bn\u00ed. Za informace a obsah zve\u0159ejn\u011bn\u00fd registrovan\u00fdmi u\u017eivateli nebo t\u0159et\u00edmi stranami nebo partnery na webov\u00fdch str\u00e1nk\u00e1ch MCT, odpov\u00eddaj\u00ed v\u00fdhradn\u011b ti, kte\u0159\u00ed tyto informace zve\u0159ejnili. Obsah od partner\u016f na z\u00e1klad\u011b uzav\u0159en\u00fdch dohod je identifikov\u00e1n jm\u00e9nem partnera vedle tohoto obsahu, textu nebo obr\u00e1zku.<\/p>\n<p>2.2. Obsah MCT m\u016f\u017eete pou\u017e\u00edvat pouze pro osobn\u00ed pou\u017eit\u00ed.<\/p>\n<p>2.3. Akce uveden\u00e9 n\u00ed\u017ee nejsou povoleny bez p\u0159edchoz\u00edho p\u00edsemn\u00e9ho souhlasu MCT:<\/p>\n<ol>\n<li>odstran\u011bn\u00ed znak\u016f, kter\u00e9 identifikuj\u00ed MCT jako vlastn\u00edka autorsk\u00fdch pr\u00e1v obsahu;<\/li>\n<li>\u00faprava, publikov\u00e1n\u00ed, p\u0159enos, opakovan\u00fd p\u0159enos jak\u00fdmkoli zp\u016fsobem nebo formou, jako\u017e i \u00fa\u010dast na p\u0159enosu, prodeji, distribuci materi\u00e1l\u016f vyroben\u00fdch reprodukc\u00ed, \u00fapravou nebo zobrazen\u00edm obsahu, pokud k tomu nedostanete n\u00e1\u0161 p\u0159edchoz\u00ed p\u00edsemn\u00fd souhlas;<\/li>\n<li>reprodukce nebo ulo\u017een\u00ed obsahu, jako\u017e i odesl\u00e1n\u00ed tohoto obsahu na jak\u00fdkoli jin\u00fd web, server nebo jak\u00fdkoli jin\u00fd zp\u016fsob ulo\u017een\u00ed informac\u00ed, pokud m\u00e1 tato \u010dinnost komer\u010dn\u00ed \u00fa\u010del.<\/li>\n<\/ol>\n<p>2.4. Je zak\u00e1z\u00e1no pou\u017e\u00edvat obsah MCT pro jin\u00e9 \u00fa\u010dely, ne\u017e kter\u00e9 jsou v\u00fdslovn\u011b povoleny t\u00edmto dokumentem nebo platn\u00fdmi pr\u00e1vn\u00edmi p\u0159edpisy. \u017d\u00e1dosti o pou\u017eit\u00ed obsahu pro jin\u00e9 \u00fa\u010dely, ne\u017e pro kter\u00e9 to tento dokument v\u00fdslovn\u011b povoluje lze zaslat na adresu: tabaraonline2021@gmail.com.<\/p>\n<p>2.5. Pokud se domn\u00edv\u00e1te, \u017ee jak\u00fdkoli obsah na webu MCT poru\u0161uje va\u0161e pr\u00e1va du\u0161evn\u00edho vlastnictv\u00ed, pr\u00e1vo na soukrom\u00ed, reklamu nebo jin\u00e1 osobn\u00ed pr\u00e1va, za\u0161lete e-mail na adresu: tabaraonline2021@gmail.com\u00a0s podrobnostmi o poru\u0161en\u00fdch pr\u00e1vech, abyste umo\u017enili spr\u00e1vc\u016fm MCT jednat v souladu s pr\u00e1vn\u00edmi ustanoven\u00edmi z\u00e1kona \u010d. 365\/2002 o elektronick\u00e9m obchodu.<\/p>\n<ol start=\"3\">\n<li><strong> Pozastaven\u00ed p\u0159\u00edstupu<\/strong><\/li>\n<\/ol>\n<p>MCT m\u016f\u017ee bez dal\u0161\u00edho ozn\u00e1men\u00ed nebo formalit a bez jak\u00e9hokoli vysv\u011btlen\u00ed, pozastavit nebo blokovat v\u00e1\u0161 p\u0159\u00edstup k obsahu str\u00e1nky nebo jej\u00ed \u010d\u00e1sti.<\/p>\n<ol start=\"4\">\n<li><strong> Zm\u011bny str\u00e1nek<\/strong><\/li>\n<\/ol>\n<p>MCT si vyhrazuje pr\u00e1vo pozastavit, upravit, p\u0159idat nebo odstranit kdykoli \u010d\u00e1sti sv\u00e9ho obsahu. MCT si vyhrazuje pr\u00e1vo omezit p\u0159\u00edstup u\u017eivatel\u016f k n\u011bkter\u00e9mu nebo ve\u0161ker\u00e9mu sv\u00e9mu obsahu.<\/p>\n<ol start=\"5\">\n<li><strong> Registrace, hesla a odpov\u011bdnosti<\/strong><\/li>\n<\/ol>\n<p>5.1. V\u00e1\u0161 p\u0159\u00edstup ke slu\u017eb\u011b Newsletter nebo n\u011bkter\u00fdm n\u00e1stroj\u016fm na str\u00e1nce vy\u017eaduje va\u0161i registraci pomoc\u00ed u\u017eivatelsk\u00e9ho jm\u00e9na a hesla. Doporu\u010dujeme, abyste toto heslo nikomu nesd\u011blili. MCT nikdy nebude po\u017eadovat heslo ve zpr\u00e1v\u00e1ch e-mailem nebo telefonem.<\/p>\n<p>5.2. Bohu\u017eel nikdy nelze zaru\u010dit, \u017ee p\u0159enos dat p\u0159es internet je 100% bezpe\u010dn\u00fd. V d\u016fsledku toho, i p\u0159es na\u0161e \u00fasil\u00ed o ochranu va\u0161ich osobn\u00edch \u00fadaj\u016f, MCT nem\u016f\u017ee zajistit ani zaru\u010dit bezpe\u010dnost informac\u00ed, kter\u00e9 jste zaslali n\u00e1m, na\u0161im online slu\u017eb\u00e1m a z nich. Upozor\u0148ujeme proto, \u017ee jak\u00e9koli informace, kter\u00e9 n\u00e1m budou zasl\u00e1ny, budou na va\u0161e vlastn\u00ed riziko.<\/p>\n<ol start=\"6\">\n<li><strong> Soukrom\u00ed<\/strong><\/li>\n<\/ol>\n<p><strong>6.1 Obecn\u00e9 informace<\/strong><\/p>\n<p>MCT respektuje va\u0161e soukrom\u00ed a osobn\u00ed \u00fadaje, kter\u00e9 s n\u00e1mi sd\u00edl\u00edte p\u0159i p\u0159\u00edstupu na tyto str\u00e1nky. \u00da\u010delem t\u011bchto informac\u00ed je informovat v\u00e1s o tom, jak\u00fd typ osobn\u00edch \u00fadaj\u016f se od v\u00e1s shroma\u017e\u010fuje, jak a kde m\u016f\u017eeme tyto informace pou\u017e\u00edt, jak budeme chr\u00e1nit shrom\u00e1\u017ed\u011bn\u00e9 informace od v\u00e1s, kdo m\u00e1 p\u0159\u00edstup k informac\u00edm z\u00edskan\u00fdm od v\u00e1s a jak nep\u0159esnosti v z\u00edskan\u00fdch informac\u00edch lze opravit.<\/p>\n<p>MISA Sensational TV vyhovuje platn\u00fdm pr\u00e1vn\u00edm p\u0159edpis\u016fm, v tomto p\u0159\u00edpad\u011b dv\u011bma normativn\u00edm akt\u016fm, kter\u00e9 tvo\u0159\u00ed legislativn\u00ed slo\u017eku o ochran\u011b \u00fadaj\u016f na \u00farovni EU: na\u0159\u00edzen\u00ed (EU) 2016\/679 o ochran\u011b fyzick\u00fdch osob p\u0159i zpracov\u00e1n\u00ed osobn\u00edch \u00fadaj\u016f a voln\u00e9m pohybu t\u011bchto \u00fadaj\u016f a jeho zru\u0161en\u00ed, sm\u011brnici 95\/46 \/ ES (obecn\u00e9 na\u0159\u00edzen\u00ed o ochran\u011b \u00fadaj\u016f) a sm\u011brnici (EU) 2016\/680 o ochran\u011b osobn\u00edch \u00fadaj\u016f v souvislosti se specifick\u00fdmi \u010dinnostmi prov\u00e1d\u011bn\u00fdmi donucovac\u00edmi org\u00e1ny.<\/p>\n<p>Na z\u00e1klad\u011b t\u011bchto p\u0159edpis\u016f m\u00e1te pr\u00e1vo na p\u0159\u00edstup, z\u00e1sah do \u00fadaj\u016f, pr\u00e1vo nepodl\u00e9hat individu\u00e1ln\u00edmu rozhodnut\u00ed a pr\u00e1vo na soud. M\u00e1te pr\u00e1vo oponovat zpracov\u00e1n\u00ed va\u0161ich osobn\u00edch \u00fadaj\u016f a po\u017e\u00e1dat o vymaz\u00e1n\u00ed \u00fadaj\u016f. K uplatn\u011bn\u00ed t\u011bchto pr\u00e1v m\u016f\u017eete adresovat p\u00edsemnou \u017e\u00e1dost, datovanou a podepsanou, na adresu: tabaraonline2021@gmail.com.<\/p>\n<p>Sb\u011br dat je za \u00fa\u010delem snaz\u0161\u00edho p\u0159\u00edstupu k va\u0161emu \u00fa\u010dtu na MCT nebo informovat u\u017eivatele o novink\u00e1ch, \u00fa\u010dasti v sout\u011b\u017e\u00edch nebo \u00fa\u010dasti na propaga\u010dn\u00edch kampan\u00edch MCT.<\/p>\n<p>\u00da\u010delem p\u0159\u00edstupu k dat\u016fm ulo\u017een\u00fdm ve va\u0161em po\u010d\u00edta\u010di (cookies) je personalizace zobrazovan\u00e9ho obsahu \u2013 nap\u0159\u00edklad k zachov\u00e1n\u00ed osobn\u00edch nastaven\u00ed ka\u017ed\u00e9ho u\u017eivatele, k autentizaci koment\u00e1\u0159\u016f nebo k vytvo\u0159en\u00ed u\u017eivatelsk\u00fdch profil\u016f (bez identifikace u\u017eivatele nebo konkr\u00e9tn\u00edho po\u010d\u00edta\u010dov\u00e9ho za\u0159\u00edzen\u00ed).<\/p>\n<p>Jin\u00e9 t\u0159et\u00ed strany, jako nap\u0159\u00edklad ty, kter\u00e9 shroma\u017e\u010fuj\u00ed provozn\u00ed \u00fadaje (nap\u0159. SATI) nebo ty, kter\u00e9 pat\u0159\u00ed k soci\u00e1ln\u00edm s\u00edt\u00edm (nap\u0159. Facebook) integrovan\u00fdch na str\u00e1nk\u00e1ch MCT, mohou pou\u017e\u00edvat cookies pro \u00fa\u010dely shroma\u017e\u010fov\u00e1n\u00ed provozn\u00edch informac\u00ed nebo umo\u017en\u011bn\u00ed sd\u00edlen\u00ed obsahu s konkr\u00e9tn\u00ed soci\u00e1ln\u00ed s\u00edt\u00ed.<\/p>\n<p>U\u017eivatel\u00e9, kte\u0159\u00ed necht\u011bj\u00ed p\u0159\u00edstup t\u0159et\u00edch stran k dat\u016fm ulo\u017een\u00fdm ve sv\u00e9m po\u010d\u00edta\u010di (soubory cookie), mohou pomoc\u00ed nastaven\u00ed prohl\u00ed\u017ee\u010de smazat nebo blokovat uveden\u00e1 data. Abychom na\u0161im u\u017eivatel\u016fm pomohli, uv\u00e1d\u00edme zde za t\u00edmto \u00fa\u010delem n\u00e1sleduj\u00edc\u00ed odkazy na t\u0159i hlavn\u00ed prohl\u00ed\u017ee\u010de na trhu:<\/p>\n<p>\u2013 Internet Explorer \u2013 https:\/\/support.microsoft.com\/cs-cz\/help\/278835\/how-to-delete-cookie-files-in-internet-explorer<\/p>\n<p>\u2013 Mozilla Firefox \u2013 https:\/\/support.mozilla.org\/cs\/kb\/vymazani-cookies-dat-stranek<\/p>\n<p>\u2013 Google Chrome https:\/\/support.google.com\/chrome\/answer\/95647?co=GENIE.Platform%3DDesktop&amp;hl=cs<\/p>\n<p><strong>6.2 Jak\u00e9 informace shroma\u017e\u010fujeme<\/strong><\/p>\n<p>MCT shroma\u017e\u010fuje informace od sv\u00fdch u\u017eivatel\u016f t\u0159emi zp\u016fsoby: p\u0159\u00edmo od u\u017eivatele, z hl\u00e1\u0161en\u00ed o datov\u00fdch p\u0159enosech zaznamenan\u00fdch servery, kter\u00e9 hostuj\u00ed na\u0161e str\u00e1nky, a pomoc\u00ed cookies.<\/p>\n<p>Informace poskytnut\u00e9 p\u0159\u00edmo u\u017eivatelem: pokud si vytvo\u0159\u00edte \u00fa\u010det na MCT, po\u017e\u00e1d\u00e1me V\u00e1s o Va\u0161e jm\u00e9no, e-mailovou adresu a dal\u0161\u00ed osobn\u00ed \u00fadaje. Tato data mohou b\u00fdt zm\u011bn\u011bna v sekci V\u00e1\u0161 profil, kter\u00e1 se nach\u00e1z\u00ed v prav\u00e9m horn\u00edm rohu webov\u00e9 str\u00e1nky a je p\u0159\u00edstupn\u00e1 po celou dobu u\u017e\u00edv\u00e1n\u00ed port\u00e1lu. V\u00e1mi poskytnut\u00e9 osobn\u00ed \u00fadaje nebudou sd\u00edleny s \u017e\u00e1dnou t\u0159et\u00ed stranou.<\/p>\n<p>Informace z hl\u00e1\u0161en\u00ed o datov\u00fdch p\u0159enosech serveru: P\u0159i n\u00e1v\u0161t\u011bv\u011b webov\u00e9 str\u00e1nky sd\u00edl\u00edte ur\u010dit\u00e9 informace o Va\u0161\u00ed stran\u011b, jako je IP adresa, \u010das n\u00e1v\u0161t\u011bvy a m\u00edsto, kde jste se p\u0159ipojili k na\u0161emu webu. MCT zaznamen\u00e1v\u00e1 tyto informace po stanoven\u00e9 \u010dasov\u00e9 obdob\u00ed. U\u017e\u00edv\u00e1me slu\u017eeb extern\u00ed spole\u010dnosti zab\u00fdvaj\u00edc\u00ed se anal\u00fdzou p\u0159enosu dat \u2013 jako nap\u0159\u00edklad slu\u017eby poskytovan\u00e9 spole\u010dnostmi Trafic.ro, Google Analytics nebo SATI \u2013 Audience Study a Internet Traffic.<\/p>\n<p>Soubory cookie: za \u00fa\u010delem personalizace poskytovan\u00fdch slu\u017eeb na\u0161im u\u017eivatel\u016fm m\u016f\u017ee MCT pou\u017e\u00edvat cookies pro usnadn\u011bn\u00ed va\u0161eho p\u0159\u00edstupu k va\u0161emu \u00fa\u010dtu a pro v\u00fdhody, kter\u00e9 toto p\u0159in\u00e1\u0161\u00ed.<\/p>\n<p>Soubory cookie jsou soubory form\u00e1tu \u201e.txt\u201c, kter\u00e9 va\u0161emu prohl\u00ed\u017ee\u010di poskytuje webov\u00fd server a kter\u00e9 se ukl\u00e1daj\u00ed na harddisk va\u0161eho po\u010d\u00edta\u010de. Pou\u017e\u00edv\u00e1n\u00ed cookies je b\u011b\u017en\u00fdm standardem i na mnoha jin\u00fdch d\u016fle\u017eit\u00fdch webech, kter\u00e9 nav\u0161t\u011bvujete.<\/p>\n<p>V\u011bt\u0161ina prohl\u00ed\u017ee\u010d\u016f je nastavena na p\u0159ij\u00edm\u00e1n\u00ed cookies. Pokud si nep\u0159ejete p\u0159ij\u00edmat cookies, m\u016f\u017eete upravit nastaven\u00ed sv\u00e9ho prohl\u00ed\u017ee\u010de, abyste byli upozorn\u011bni v\u017edy, kdy\u017e obdr\u017e\u00edte cookie, nebo cookies v\u016fbec nep\u0159ij\u00edmali. Cookies n\u00e1m umo\u017e\u0148uj\u00ed ukl\u00e1dat va\u0161e p\u0159\u00edstupov\u00e1 hesla a va\u0161e preference, tak\u017ee je nemus\u00edte znovu zad\u00e1vat p\u0159i p\u0159\u00ed\u0161t\u00ed n\u00e1v\u0161t\u011bv\u011b tohoto webu.<\/p>\n<p><strong>6.3. Jak chr\u00e1n\u00edme informace, kter\u00e9 od v\u00e1s shroma\u017e\u010fujeme.<\/strong><\/p>\n<p>Va\u0161e d\u016fv\u011bra a ochrana V\u00e1mi sv\u011b\u0159en\u00fdch informac\u00ed je pro n\u00e1s naprosto z\u00e1sadn\u00ed. MCT nesd\u00edl\u00ed V\u00e1mi sv\u011b\u0159en\u00e9 informace se t\u0159et\u00edmi stranami bez va\u0161eho v\u00fdslovn\u00e9ho a p\u0159edem ustanoven\u00e9ho souhlasu. Ve\u0161ker\u00e9 statistiky t\u00fdkaj\u00edc\u00ed se datov\u00fdch p\u0159enos\u016f poch\u00e1zej\u00edc\u00edch od na\u0161ich u\u017eivatel\u016f jsou pou\u017e\u00edv\u00e1ny pouze jako soubory dat a neobsahuj\u00ed \u017e\u00e1dn\u00e9 osobn\u00ed \u00fadaje jednotliv\u00fdch u\u017eivatel\u016f.<\/p>\n<p>V\u00e1\u0161 p\u0159\u00edstup k n\u011bkter\u00fdm slu\u017eb\u00e1m a informac\u00edm na webu je chr\u00e1n\u011bn heslem.<\/p>\n<p>Jakmile obdr\u017e\u00edme V\u00e1mi zaslan\u00e9 informace, ru\u010d\u00edme za to, \u017ee vynalo\u017e\u00edme ve\u0161ker\u00e9 \u00fasil\u00ed, abychom jim v r\u00e1mci na\u0161ich syst\u00e9m\u016f zajistili bezpe\u010dnost, v souladu s bezpe\u010dnostn\u00edmi normami stanoven\u00fdmi platn\u00fdmi rumunsk\u00fdmi pr\u00e1vn\u00edmi p\u0159edpisy.<\/p>\n<p><strong>6.4. Kdo m\u00e1 p\u0159\u00edstup k V\u00e1mi poskytnut\u00fdm informac\u00edm<\/strong><\/p>\n<p>MCT neposkytne \u017e\u00e1dn\u00e9 osobn\u00ed identifika\u010dn\u00ed \u00fadaje o sv\u00fdch u\u017eivatel\u00edch t\u0159et\u00edm stran\u00e1m bez p\u0159edchoz\u00edho v\u00fdslovn\u00e9ho souhlasu u\u017eivatel\u016f.<\/p>\n<p>MCT m\u016f\u017ee zve\u0159ejnit osobn\u00ed identifika\u010dn\u00ed \u00fadaje, pokud to vy\u017eaduje z\u00e1kon, na \u017e\u00e1dost p\u0159\u00edslu\u0161n\u00e9ho org\u00e1nu nebo je-li to nezbytn\u00e9 k ochran\u011b pr\u00e1v a z\u00e1jm\u016f MCT.<\/p>\n<ol start=\"7\">\n<li><strong> Schv\u00e1len\u00ed p\u0159ipom\u00ednek<\/strong><\/li>\n<\/ol>\n<p>MCT si vyhrazuje pr\u00e1vo zam\u00edtnout \u010di deaktivovat zve\u0159ejn\u011bn\u00e9 informace nebo koment\u00e1\u0159e \u010di informace nebo koment\u00e1\u0159e zaslan\u00e9 za \u00fa\u010delem jejich zve\u0159ejn\u011bn\u00ed (bez mo\u017enosti op\u011btovn\u00e9 aktivace u\u017eivateli), kter\u00e9 jsou v rozporu s podm\u00ednkami u\u017e\u00edv\u00e1n\u00ed, kter\u00e9 jsou mimo p\u0159edm\u011bt hlavn\u00edho \u010dl\u00e1nku nebo kter\u00e9 MCT pova\u017euje jednostrann\u011b za nez\u00e1konn\u00e9, diskrimina\u010dn\u00ed, ur\u00e1\u017eliv\u00e9, nevhodn\u00e9 nebo jakkoliv neblah\u00e9 pro image MCT, jej\u00ed partnery nebo t\u0159et\u00ed strany.<\/p>\n<p>Za obsah zpr\u00e1v odeslan\u00fdch ke zve\u0159ejn\u011bn\u00ed odpov\u00edd\u00e1 v\u00fdhradn\u011b u\u017eivatel. Zve\u0159ej\u0148ov\u00e1n\u00ed nebo p\u0159enos ozn\u00e1men\u00ed \u010di informac\u00ed prost\u0159ednictv\u00edm komunika\u010dn\u00edch platforem poskytovan\u00fdch MCT podl\u00e9h\u00e1 Smluvn\u00edm podm\u00ednk\u00e1m a proto se ur\u010dit\u00e9 informace nemus\u00ed objevit na platform\u011b MCT, v p\u0159\u00edpad\u011b \u017ee tyto informace nebyly schv\u00e1leny n\u011bkter\u00fdm z jejich administr\u00e1tor\u016f.<\/p>\n<p>U\u017eivatel nen\u00ed opr\u00e1vn\u011bn odkazovat na jin\u00e9 u\u017eivatele nebo \u010dleny MCT, zve\u0159ej\u0148ovat, nebo zas\u00edlat nevy\u017e\u00e1dan\u00e9 komer\u010dn\u00ed zpr\u00e1vy, zpr\u00e1vy s d\u016fv\u011brn\u00fdmi informacemi, zpr\u00e1vy obsahuj\u00edc\u00ed viry nebo jin\u00e9 k\u00f3dov\u00e9 sekvence, kter\u00e9 by se uk\u00e1zaly jako destruktivn\u00ed, nebo kter\u00e9 by mohly p\u0159eru\u0161it, po\u0161kodit nebo omezit funk\u010dnost MCT, zpr\u00e1vy typu \u201epyramidov\u00e1 hra\u201c a jin\u00e9, jejich\u017e c\u00edlem je podv\u00e1d\u011bn\u00ed druh\u00fdch, jako\u017e i jak\u00e9koli jin\u00e9 zpr\u00e1vy obsahuj\u00edc\u00ed nez\u00e1konn\u00e9, nemor\u00e1ln\u00ed, hanliv\u00e9, v\u00fdhru\u017en\u00e9, protipr\u00e1vn\u00ed, ur\u00e1\u017eliv\u00e9, neslu\u0161n\u00e9 texty, kter\u00e9 jakkoliv poru\u0161uj\u00ed pr\u00e1vo du\u0161evn\u00edho vlastnictv\u00ed nebo jin\u00e1 pr\u00e1va t\u0159et\u00edch stran.<\/p>\n<ol start=\"8\">\n<li><strong> Zm\u011bny smluvn\u00edch podm\u00ednek<\/strong><\/li>\n<\/ol>\n<p>MCT si vyhrazuje pr\u00e1vo tyto podm\u00ednky zm\u011bnit, zm\u011bnit verzi a datum p\u0159ijet\u00ed nov\u00fdch p\u0159edpis\u016f bez nutnosti vykon\u00e1n\u00ed dal\u0161\u00edch n\u00e1le\u017eitost\u00ed. Pokud se sou\u010dasn\u00e9 podm\u00ednky zm\u011bn\u00ed, MCT V\u00e1s bude informovat e-mailem nebo zpr\u00e1vou ve va\u0161em u\u017eivatelsk\u00e9m \u00fa\u010dtu user MCT, spolu se zve\u0159ejn\u011bn\u00edm odkazu, kter\u00fd odkazuje na novou podobu tohoto dokumentu na prvn\u00ed str\u00e1nce webu. P\u0159\u00edstup na web, k va\u0161emu u\u017eivatelsk\u00e9mu \u00fa\u010dtu a k vyu\u017e\u00edv\u00e1n\u00ed na\u0161ich slu\u017eeb od okam\u017eiku ozn\u00e1men\u00ed nebo zobrazen\u00ed odkazu t\u00fdkaj\u00edc\u00edho se zm\u011bn na prvn\u00ed str\u00e1nce webu znamen\u00e1, \u017ee jste souhlasili s nov\u00fdmi podm\u00ednkami.<\/p>\n","protected":false},"excerpt":{"rendered":"<p>V\u0161eobecn\u00e9 podm\u00ednky pou\u017e\u00edv\u00e1n\u00ed str\u00e1nek Mi\u0219carea Charismatic\u0103 Teofanic\u0103: miscareacharismatica.ro\u00a0a subdom\u00e9n\u00a0 Informace o str\u00e1nce 1.1. Webov\u00e1 str\u00e1nka MCT\/misatv.ro\/misa.tv je provozov\u00e1na ASOCIA\u0162IA NA\u0162IONAL\u0102 PENTRU PROMOVAREA MEDICINELOR NECONVEN\u0162IONALE AMN ROMANIA se s\u00eddlem v Bukure\u0161ti, registrovan\u00e9 pod reg. \u010d. 219\/PJ\/1992, MS-264\/14.04.1992, 94\/PJ\/2004, 80-2\/375149, 128\/PJ\/2007, C.I.F. 9347616, v r\u00e1mci t\u011bchto podm\u00ednek d\u00e1le\u00a0MCT. Du\u0161evn\u00ed vlastnictv\u00ed 2.1 Obsah a zku\u0161enosti s pou\u017e\u00edv\u00e1n\u00edm webov\u00fdch [&hellip;]<\/p>\n","protected":false},"author":2025,"featured_media":0,"parent":0,"menu_order":0,"comment_status":"closed","ping_status":"closed","template":"","meta":{"footnotes":""},"class_list":["post-6083","page","type-page","status-publish"],"_links":{"self":[{"href":"https:\/\/miscareacharismatica.ro\/cs\/wp-json\/wp\/v2\/pages\/6083","targetHints":{"allow":["GET"]}}],"collection":[{"href":"https:\/\/miscareacharismatica.ro\/cs\/wp-json\/wp\/v2\/pages"}],"about":[{"href":"https:\/\/miscareacharismatica.ro\/cs\/wp-json\/wp\/v2\/types\/page"}],"author":[{"embeddable":true,"href":"https:\/\/miscareacharismatica.ro\/cs\/wp-json\/wp\/v2\/users\/2025"}],"replies":[{"embeddable":true,"href":"https:\/\/miscareacharismatica.ro\/cs\/wp-json\/wp\/v2\/comments?post=6083"}],"version-history":[{"count":3,"href":"https:\/\/miscareacharismatica.ro\/cs\/wp-json\/wp\/v2\/pages\/6083\/revisions"}],"predecessor-version":[{"id":6095,"href":"https:\/\/miscareacharismatica.ro\/cs\/wp-json\/wp\/v2\/pages\/6083\/revisions\/6095"}],"wp:attachment":[{"href":"https:\/\/miscareacharismatica.ro\/cs\/wp-json\/wp\/v2\/media?parent=6083"}],"curies":[{"name":"wp","href":"https:\/\/api.w.org\/{rel}","templated":true}]}}