{"id":6127,"date":"2016-10-02T00:09:32","date_gmt":"2016-10-01T21:09:32","guid":{"rendered":"https:\/\/miscareacharismatica.ro\/contact\/"},"modified":"2021-05-16T11:57:38","modified_gmt":"2021-05-16T08:57:38","slug":"contact","status":"publish","type":"page","link":"https:\/\/miscareacharismatica.ro\/cs\/contact\/","title":{"rendered":"Contact"},"content":{"rendered":"<div id=\"tdi_1\" class=\"tdc-row\"><div class=\"vc_row tdi_2  wpb_row td-pb-row\" >\n<style scoped>\n\/* custom css - generated by TagDiv Composer *\/\n\n\/* custom css - generated by TagDiv Composer *\/\n.tdi_2,\r\n                .tdi_2 .tdc-columns{\r\n                    min-height: 0;\r\n                }.tdi_2,\r\n\t\t\t\t.tdi_2 .tdc-columns{\r\n\t\t\t\t    display: block;\r\n\t\t\t\t}.tdi_2 .tdc-columns{\r\n\t\t\t\t    width: 100%;\r\n\t\t\t\t}.tdi_2:before,\r\n\t\t\t\t.tdi_2:after{\r\n\t\t\t\t    display: table;\r\n\t\t\t\t}\n<\/style><div class=\"vc_column tdi_4  wpb_column vc_column_container tdc-column td-pb-span8\">\n<style scoped>\n\/* custom css - generated by TagDiv Composer *\/\n\n\/* custom css - generated by TagDiv Composer *\/\n.tdi_4{\r\n                    vertical-align: baseline;\r\n                }.tdi_4 > .wpb_wrapper,\r\n\t\t\t\t.tdi_4 > .wpb_wrapper > .tdc-elements{\r\n\t\t\t\t    display: block;\r\n\t\t\t\t}.tdi_4 > .wpb_wrapper > .tdc-elements{\r\n\t\t\t\t    width: 100%;\r\n\t\t\t\t}.tdi_4 > .wpb_wrapper > .vc_row_inner{\r\n\t\t\t\t    width: auto;\r\n\t\t\t\t}.tdi_4 > .wpb_wrapper{\r\n\t\t\t\t    width: auto;\r\n\t\t\t\t    height: auto;\r\n\t\t\t\t}\n<\/style><div class=\"wpb_wrapper\" ><div class=\"wpb_wrapper wpb_text_column td_block_wrap td_block_wrap vc_column_text tdi_5  tagdiv-type td-pb-border-top td_block_template_1\"  data-td-block-uid=\"tdi_5\" >\n<style>\n\/* custom css - generated by TagDiv Composer *\/\n.vc_column_text > .td-element-style{\r\n\t\t\t\t\tz-index: -1;\r\n\t\t\t\t}\n<\/style><div class=\"td-fix-index\"><p><img loading=\"lazy\" decoding=\"async\" class=\"alignleft size-medium wp-image-603\" src=\"http:\/\/miscareacharismatica.ro\/wp-content\/uploads\/2016\/10\/ContactUs-300x169.jpg\" alt=\"\" width=\"300\" height=\"169\" srcset=\"https:\/\/miscareacharismatica.ro\/wp-content\/uploads\/2016\/10\/ContactUs-300x169.jpg 300w, https:\/\/miscareacharismatica.ro\/wp-content\/uploads\/2016\/10\/ContactUs-150x84.jpg 150w, https:\/\/miscareacharismatica.ro\/wp-content\/uploads\/2016\/10\/ContactUs-696x391.jpg 696w, https:\/\/miscareacharismatica.ro\/wp-content\/uploads\/2016\/10\/ContactUs-747x420.jpg 747w, https:\/\/miscareacharismatica.ro\/wp-content\/uploads\/2016\/10\/ContactUs.jpg 767w\" sizes=\"auto, (max-width: 300px) 100vw, 300px\" \/>\u00a0Na t\u00e9to str\u00e1nce V\u00e1m nab\u00edz\u00edme mo\u017enost sd\u00edlet Va\u0161e sv\u011bdectv\u00ed, koment\u00e1\u0159e a p\u0159ipom\u00ednky.<\/p>\n<p>Takto s n\u00e1mi budou moci \u00fa\u010dastn\u00edci Mimo\u0159\u00e1dn\u00fdch duchovn\u00edch ud\u00e1lost\u00ed sd\u00edlet sv\u00e9 pro\u017eitky a zku\u0161enosti a stejn\u011b tak i sv\u00e9 my\u0161lenky a dojmy t\u00fdkaj\u00edc\u00ed se t\u011bchto ud\u00e1lost\u00ed.<\/p>\n<p>Va\u0161e sv\u011bdectv\u00ed s n\u00e1mi m\u016f\u017eete sd\u00edlet na t\u00e9to str\u00e1nce nebo ho m\u016f\u017eete zaslat  na e-mailovou adresu <a href=\"mailto:contact@miscareacharismatica.ro\">contact@miscareacharismatica.ro<\/a> <\/p>\n<p><!-- &#091;contact-form-7 id=\"6198\" title=\"Contact CZ\"&#093; --><\/p>\n<p>D\u011bkujeme V\u00e1m.<\/p>\n<\/div><\/div><\/div><\/div><div class=\"vc_column tdi_7  wpb_column vc_column_container tdc-column td-pb-span4\">\n<style scoped>\n\/* custom css - generated by TagDiv Composer *\/\n\n\/* custom css - generated by TagDiv Composer *\/\n.tdi_7{\r\n                    vertical-align: baseline;\r\n                }.tdi_7 > .wpb_wrapper,\r\n\t\t\t\t.tdi_7 > .wpb_wrapper > .tdc-elements{\r\n\t\t\t\t    display: block;\r\n\t\t\t\t}.tdi_7 > .wpb_wrapper > .tdc-elements{\r\n\t\t\t\t    width: 100%;\r\n\t\t\t\t}.tdi_7 > .wpb_wrapper > .vc_row_inner{\r\n\t\t\t\t    width: auto;\r\n\t\t\t\t}.tdi_7 > .wpb_wrapper{\r\n\t\t\t\t    width: auto;\r\n\t\t\t\t    height: auto;\r\n\t\t\t\t}\n<\/style><div class=\"wpb_wrapper\" ><\/div><\/div><\/div><\/div>","protected":false},"excerpt":{"rendered":"","protected":false},"author":1,"featured_media":0,"parent":0,"menu_order":0,"comment_status":"closed","ping_status":"closed","template":"","meta":{"footnotes":""},"class_list":["post-6127","page","type-page","status-publish"],"_links":{"self":[{"href":"https:\/\/miscareacharismatica.ro\/cs\/wp-json\/wp\/v2\/pages\/6127","targetHints":{"allow":["GET"]}}],"collection":[{"href":"https:\/\/miscareacharismatica.ro\/cs\/wp-json\/wp\/v2\/pages"}],"about":[{"href":"https:\/\/miscareacharismatica.ro\/cs\/wp-json\/wp\/v2\/types\/page"}],"author":[{"embeddable":true,"href":"https:\/\/miscareacharismatica.ro\/cs\/wp-json\/wp\/v2\/users\/1"}],"replies":[{"embeddable":true,"href":"https:\/\/miscareacharismatica.ro\/cs\/wp-json\/wp\/v2\/comments?post=6127"}],"version-history":[{"count":3,"href":"https:\/\/miscareacharismatica.ro\/cs\/wp-json\/wp\/v2\/pages\/6127\/revisions"}],"predecessor-version":[{"id":6397,"href":"https:\/\/miscareacharismatica.ro\/cs\/wp-json\/wp\/v2\/pages\/6127\/revisions\/6397"}],"wp:attachment":[{"href":"https:\/\/miscareacharismatica.ro\/cs\/wp-json\/wp\/v2\/media?parent=6127"}],"curies":[{"name":"wp","href":"https:\/\/api.w.org\/{rel}","templated":true}]}}