{"id":5982,"date":"2021-05-01T17:31:59","date_gmt":"2021-05-01T14:31:59","guid":{"rendered":"https:\/\/miscareacharismatica.ro\/metoda-de-protectie-pentru-accesarea-internetului\/"},"modified":"2021-05-06T20:30:41","modified_gmt":"2021-05-06T17:30:41","slug":"vedo-eljaras-az-internet-hasznalatahoz","status":"publish","type":"page","link":"https:\/\/miscareacharismatica.ro\/hu\/vedo-eljaras-az-internet-hasznalatahoz\/","title":{"rendered":"V\u00e9d\u0151 elj\u00e1r\u00e1s az internet haszn\u00e1lat\u00e1hoz"},"content":{"rendered":"<div class=\"entry-content\">\n<p>Minden egyes alkalommal, amikor kinyitunk egy eszk\u00f6zt, amivel r\u00e1 lehet kapcsol\u00f3dni az internetre, 3-szor keresztet vet\u00fcnk annak az eszk\u00f6znek az ir\u00e1ny\u00e1ba \u00e9s k\u00f6zben mondjuk:<\/p>\n<p><b>\u201cA MENNYEI ATYAISTEN, AZ \u0150 FIA, J\u00c9ZUS \u00c9S A SZENTL\u00c9LEK NEV\u00c9BEN. \u00c1MEN!\u201d<\/b><\/p>\n<p>Minden egyes keresztvet\u00e9s \u00e9s az ahhoz tartoz\u00f3 sz\u00f6veg v\u00e9g\u00e9n a k\u00f6vetkez\u0151 invok\u00e1ci\u00f3val folytatjuk:<\/p>\n<p><b>\u201d ITT \u00c9S MOST TELJES HITTEL, AL\u00c1ZATTAL \u00c9S EGY JOGOS REM\u00c9NNYEL MEGID\u00c9ZEM AZ ISTENI MINDENHAT\u00d3S\u00c1G MEGNYILV\u00c1NUL\u00c1S\u00c1T, AMI ENNEK A TEV\u00c9KENYS\u00c9GNEK A TELJES ID\u0150TARTAM\u00c1RA AZON NYOMBAN \u00c9S TELJES M\u00c9RT\u00c9KBEN, FELT\u00c9TEL N\u00c9LK\u00dcL SEMLEGES\u00cdT B\u00c1RMILYEN \u00d6RD\u00d6GI, S\u00c1T\u00c1NI BEFOLY\u00c1ST, AMI HAT\u00c1ST GYAKOROLHATNA EBBEN \u00c9S EZEN AZ ESZK\u00d6Z\u00d6N KERESZT\u00dcL. ISTEN ENGEM \u00daGY SEG\u00c9LJEN! \u00c1MEN! \u00c1MEN! \u00c1MEN!\u201d<\/b><\/p>\n<p>Ez az exorciz\u00e1l\u00f3 (\u00f6rd\u00f6g\u0171z\u0151) formul\u00e1t is \u00edgy 3-szor mondjuk. Minden egyes invok\u00e1ci\u00f3 ut\u00e1n igyeksz\u00fcnk \u00e9rz\u00e9kelni egy le\u00edrhatatlan bels\u0151 bizonyoss\u00e1got \u00e9s saj\u00e1tos isteni v\u00e9delmet.<\/p>\n<p><b>Miel\u0151tt konkr\u00e9tan r\u00e1kapcsol\u00f3dn\u00e1nk az internetre, felaj\u00e1nljuk ennek a tev\u00e9kenys\u00e9gnek a gy\u00fcm\u00f6lcseit az Atyaistennek.<\/b><\/p>\n<p>Ha az isteni v\u00e1lasz igenl\u0151, akkor 3 \u00e1ld\u00e1st v\u00e9gz\u00fcnk a k\u00f6vetkez\u0151 formul\u00e1t haszn\u00e1lva:<\/p>\n<p><b>\u201cURAM ISTENEM, MENNYEI ATY\u00c1M, AL\u00c1ZATTAL K\u00d6NY\u00d6RG\u00d6M HOZZ\u00c1D, HOGY \u00c1LDD MEG A TE ISTENI \u00c1LD\u00c1SOD ENERGI\u00c1JA \u00c1LTAL EZT AZ ELJ\u00c1R\u00c1ST, AMIHEZ FOLYAMODOK, \u00c9S K\u00d6NY\u00d6RG\u00d6M HOZZ\u00c1D, HOGY ENNEK A HASZN\u00c1LATNAK EG\u00c9SZ ID\u0150TARTAMA ALATT TELJES M\u00c9RT\u00c9KBEN \u00c9S FELT\u00c9TEL N\u00c9LK\u00dcL SEMLEGES\u00cdTS B\u00c1RMILYEN \u00c1RT\u00d3, \u00d6RD\u00d6GI, S\u00c1T\u00c1NI BEFOLY\u00c1ST, AMI HAT\u00c1ST GYAKOROLHATNA A GONOSZ \u00c9S AZ \u00c1LNOK SZ\u00d6VETKEZ\u00c9SE MIATT, KI\u00c1RASZTVA R\u00c1 RAJTAM KERESZT\u00dcL A TE LEGFELS\u0150BB KEGYELMEDET. LEGYEN MEG A TE AKARATOD! \u00c1MEN!\u201d<\/b><\/p>\n<\/div>\n","protected":false},"excerpt":{"rendered":"<p>Minden egyes alkalommal, amikor kinyitunk egy eszk\u00f6zt, amivel r\u00e1 lehet kapcsol\u00f3dni az internetre, 3-szor keresztet vet\u00fcnk annak az eszk\u00f6znek az ir\u00e1ny\u00e1ba \u00e9s k\u00f6zben mondjuk: \u201cA MENNYEI ATYAISTEN, AZ \u0150 FIA, J\u00c9ZUS \u00c9S A SZENTL\u00c9LEK NEV\u00c9BEN. \u00c1MEN!\u201d Minden egyes keresztvet\u00e9s \u00e9s az ahhoz tartoz\u00f3 sz\u00f6veg v\u00e9g\u00e9n a k\u00f6vetkez\u0151 invok\u00e1ci\u00f3val folytatjuk: \u201d ITT \u00c9S MOST TELJES HITTEL, [&hellip;]<\/p>\n","protected":false},"author":2025,"featured_media":0,"parent":0,"menu_order":0,"comment_status":"closed","ping_status":"closed","template":"","meta":{"footnotes":""},"class_list":["post-5982","page","type-page","status-publish"],"_links":{"self":[{"href":"https:\/\/miscareacharismatica.ro\/hu\/wp-json\/wp\/v2\/pages\/5982","targetHints":{"allow":["GET"]}}],"collection":[{"href":"https:\/\/miscareacharismatica.ro\/hu\/wp-json\/wp\/v2\/pages"}],"about":[{"href":"https:\/\/miscareacharismatica.ro\/hu\/wp-json\/wp\/v2\/types\/page"}],"author":[{"embeddable":true,"href":"https:\/\/miscareacharismatica.ro\/hu\/wp-json\/wp\/v2\/users\/2025"}],"replies":[{"embeddable":true,"href":"https:\/\/miscareacharismatica.ro\/hu\/wp-json\/wp\/v2\/comments?post=5982"}],"version-history":[{"count":1,"href":"https:\/\/miscareacharismatica.ro\/hu\/wp-json\/wp\/v2\/pages\/5982\/revisions"}],"predecessor-version":[{"id":5987,"href":"https:\/\/miscareacharismatica.ro\/hu\/wp-json\/wp\/v2\/pages\/5982\/revisions\/5987"}],"wp:attachment":[{"href":"https:\/\/miscareacharismatica.ro\/hu\/wp-json\/wp\/v2\/media?parent=5982"}],"curies":[{"name":"wp","href":"https:\/\/api.w.org\/{rel}","templated":true}]}}