{"id":6012,"date":"2021-05-01T15:59:19","date_gmt":"2021-05-01T12:59:19","guid":{"rendered":"https:\/\/miscareacharismatica.ro\/login\/"},"modified":"2021-06-25T13:12:42","modified_gmt":"2021-06-25T10:12:42","slug":"belepes","status":"publish","type":"page","link":"https:\/\/miscareacharismatica.ro\/hu\/belepes\/","title":{"rendered":"Bel\u00e9p\u00e9s"},"content":{"rendered":"<p>Akik m\u00e1r regisztr\u00e1ltak a Karizmatikus Teof\u00e1nikus Mozgalom honlapj\u00e1n a 2021. m\u00e1jusi el\u0151ad\u00e1sok meghallgat\u00e1s\u00e1ra, ugyanazt a felhaszn\u00e1l\u00f3nevet \u00e9s jelsz\u00f3t fogj\u00e1k haszn\u00e1lni (figyelem, a bel\u00e9p\u00e9si k\u00f3dra m\u00e1r nincs sz\u00fcks\u00e9g\u00fck). A k\u00f3dot csak egyszer, a m\u00e1jusi regisztr\u00e1ci\u00f3kor adt\u00e1k meg).<\/p>\n\n<div class=\"mp_wrapper mp_login_form\">\n                  <!-- mp-login-form-start -->     <form name=\"mepr_loginform\" id=\"mepr_loginform\" class=\"mepr-form\" action=\"https:\/\/miscareacharismatica.ro\/login\/\" method=\"post\">\n            <div class=\"mp-form-row mepr_username\">\n        <div class=\"mp-form-label\">\n                              <label for=\"user_login\">Felhaszn\u00e1l\u00f3i n\u00e9v vagy E-mail<\/label>\n        <\/div>\n        <input type=\"text\" name=\"log\" id=\"user_login\" value=\"\" \/>\n      <\/div>\n      <div class=\"mp-form-row mepr_password\">\n        <div class=\"mp-form-label\">\n          <label for=\"user_pass\">Jelsz\u00f3<\/label>\n          <div class=\"mp-hide-pw\">\n            <input type=\"password\" name=\"pwd\" id=\"user_pass\" value=\"\" \/>\n            <button type=\"button\" class=\"button mp-hide-pw hide-if-no-js\" data-toggle=\"0\" aria-label=\"Show password\">\n              <span class=\"dashicons dashicons-visibility\" aria-hidden=\"true\"><\/span>\n            <\/button>\n          <\/div>\n        <\/div>\n      <\/div>\n            <div>\n        <label><input name=\"rememberme\" type=\"checkbox\" id=\"rememberme\" value=\"forever\" \/> Eml\u00e9kezz r\u00e1m<\/label>\n      <\/div>\n      <div class=\"mp-spacer\">&nbsp;<\/div>\n      <div class=\"submit\">\n        <input type=\"submit\" name=\"wp-submit\" id=\"wp-submit\" class=\"button-primary mepr-share-button \" value=\"Bejelentkez\u00e9s\" \/>\n        <input type=\"hidden\" name=\"redirect_to\" value=\"\/hu\/wp-json\/wp\/v2\/pages\/6012\" \/>\n        <input type=\"hidden\" name=\"mepr_process_login_form\" value=\"true\" \/>\n        <input type=\"hidden\" name=\"mepr_is_login_page\" value=\"false\" \/>\n      <\/div>\n    <\/form>\n    <div class=\"mp-spacer\">&nbsp;<\/div>\n    <div class=\"mepr-login-actions\">\n        <a\n          href=\"https:\/\/miscareacharismatica.ro\/login\/?action=forgot_password\"\n          title=\"Click here to reset your password\"\n        >\n          Elfelejtettem a jelszavamat        <\/a>\n    <\/div>\n\n      \n    <!-- mp-login-form-end --> \n  <\/div>\n\n<p>Azoknak, akik nem jelentkeztek be 2021 m\u00e1jus\u00e1ban, de rendelkeznek k\u00f3ddal, az erre a c\u00e9lra l\u00e9trehozott oldalon kell majd regisztr\u00e1lniuk <span style=\"text-decoration: underline;\"><strong><a href=\"https:\/\/miscareacharismatica.ro\/hu\/bejelentkezes\/\" target=\"_blank\" rel=\"noopener\">itt<\/a><\/strong><\/span>.<\/p>\n<p>Azoknak, akik nem kapt\u00e1k meg a k\u00f3dot, vagy megkapt\u00e1k, de m\u00e1r nem tal\u00e1lj\u00e1k, a k\u00f6vetkez\u0151 l\u00e9p\u00e9seket kell k\u00f6vetni\u00fck:<\/p>\n<p>A rom\u00e1niai iskola di\u00e1kjai a <strong><span style=\"text-decoration: underline;\"><a href=\"mailto:mctonline2021@gmail.com\" target=\"_blank\" rel=\"noopener\">mctonline2021@gmail.com<\/a><\/span><\/strong> e-mail c\u00edmre k\u00fcldenek egy e-mailt.<\/p>\n<p>A rom\u00e1niai \u00e9s k\u00fclf\u00f6ldi j\u00f3gaoktat\u00f3k, az ayurv\u00e9da oktat\u00f3k \u00e9s a k\u00fclf\u00f6ldi di\u00e1kok a <strong><span style=\"text-decoration: underline;\"><a href=\"mailto:mct2i@yahoo.com\" target=\"_blank\" rel=\"noopener\">mct2i@yahoo.com<\/a><\/span><\/strong> e-mail c\u00edmre k\u00fcldenek e-mailt.<\/p>\n<p>Az e-mailnek tartalmaznia kell: az \u00d6n nev\u00e9t, vezet\u00e9knev\u00e9t, a tanfolyam \u00e9v\u00e9t, amelyen r\u00e9szt vesz ( j\u00f3ga, tantra, stb.), v\u00e1rost, orsz\u00e1got, az MCT k\u00e1rty\u00e1n szerepl\u0151 k\u00f3dot, vagy a nyugta sz\u00e1m\u00e1t \u00e9s sorozat\u00e1t azok sz\u00e1m\u00e1ra, akiket felvettek, de m\u00e9g nincs meg az MCT k\u00e1rty\u00e1juk (pl.: ROM 001000).<\/p>\n<p>Minden regisztr\u00e1lt szem\u00e9ly megkapja a bel\u00e9p\u00e9si k\u00f3dot a megfelel\u0151 utas\u00edt\u00e1sokkal egy\u00fctt arra az e-mail c\u00edmre, amelyr\u0151l regisztr\u00e1lt. A k\u00f3d szem\u00e9lyes \u00e9s nem \u00e1truh\u00e1zhat\u00f3.<\/p>\n","protected":false},"excerpt":{"rendered":"<p>Akik m\u00e1r regisztr\u00e1ltak a Karizmatikus Teof\u00e1nikus Mozgalom honlapj\u00e1n a 2021. m\u00e1jusi el\u0151ad\u00e1sok meghallgat\u00e1s\u00e1ra, ugyanazt a felhaszn\u00e1l\u00f3nevet \u00e9s jelsz\u00f3t fogj\u00e1k haszn\u00e1lni (figyelem, a bel\u00e9p\u00e9si k\u00f3dra m\u00e1r nincs sz\u00fcks\u00e9g\u00fck). A k\u00f3dot csak egyszer, a m\u00e1jusi regisztr\u00e1ci\u00f3kor adt\u00e1k meg). Azoknak, akik nem jelentkeztek be 2021 m\u00e1jus\u00e1ban, de rendelkeznek k\u00f3ddal, az erre a c\u00e9lra l\u00e9trehozott oldalon kell majd regisztr\u00e1lniuk [&hellip;]<\/p>\n","protected":false},"author":2025,"featured_media":0,"parent":0,"menu_order":0,"comment_status":"closed","ping_status":"closed","template":"","meta":{"footnotes":""},"class_list":["post-6012","page","type-page","status-publish"],"_links":{"self":[{"href":"https:\/\/miscareacharismatica.ro\/hu\/wp-json\/wp\/v2\/pages\/6012","targetHints":{"allow":["GET"]}}],"collection":[{"href":"https:\/\/miscareacharismatica.ro\/hu\/wp-json\/wp\/v2\/pages"}],"about":[{"href":"https:\/\/miscareacharismatica.ro\/hu\/wp-json\/wp\/v2\/types\/page"}],"author":[{"embeddable":true,"href":"https:\/\/miscareacharismatica.ro\/hu\/wp-json\/wp\/v2\/users\/2025"}],"replies":[{"embeddable":true,"href":"https:\/\/miscareacharismatica.ro\/hu\/wp-json\/wp\/v2\/comments?post=6012"}],"version-history":[{"count":6,"href":"https:\/\/miscareacharismatica.ro\/hu\/wp-json\/wp\/v2\/pages\/6012\/revisions"}],"predecessor-version":[{"id":6749,"href":"https:\/\/miscareacharismatica.ro\/hu\/wp-json\/wp\/v2\/pages\/6012\/revisions\/6749"}],"wp:attachment":[{"href":"https:\/\/miscareacharismatica.ro\/hu\/wp-json\/wp\/v2\/media?parent=6012"}],"curies":[{"name":"wp","href":"https:\/\/api.w.org\/{rel}","templated":true}]}}