{"id":6048,"date":"2021-05-09T22:33:37","date_gmt":"2021-05-09T19:33:37","guid":{"rendered":"https:\/\/miscareacharismatica.ro\/cu-dumnezeu-pentru-dumnezeu-in-dumnezeu-intru-dumnezeu\/"},"modified":"2021-05-11T18:44:51","modified_gmt":"2021-05-11T15:44:51","slug":"istennel-istenert-istenben-istenbe-vezetoen","status":"publish","type":"page","link":"https:\/\/miscareacharismatica.ro\/hu\/istennel-istenert-istenben-istenbe-vezetoen\/","title":{"rendered":"Istennel, Isten\u00e9rt, Istenben, Istenbe vezet\u0151en"},"content":{"rendered":"<p><strong>Egy <\/strong><strong>2009<\/strong><strong>-ben kezdem\u00e9nyezett spiritu\u00e1lis k\u00f6z\u00f6ss\u00e9g<\/strong><\/p>\n<p>A Teof\u00e1nikus Spiritu\u00e1lis Mozgalom egy rendk\u00edv\u00fcli spiritu\u00e1lis k\u00f6z\u00f6ss\u00e9g, amely Gregorian Bivolaru J\u00f3gatan\u00e1r kezdem\u00e9nyez\u00e9s\u00e9re j\u00f6tt l\u00e9tre 2009-ben, \u00e9s amelynek mott\u00f3ja\u00a0<strong>\u201e<\/strong><strong>Istennel, Isten\u00e9rt, Istenben, Istenbe vezet\u0151en<\/strong><strong>\u201c<\/strong>. Azoknak az \u0151szinte keres\u0151knek sz\u00f3l, akik arra t\u00f6rekszenek, hogy fel\u00e9bressz\u00e9k a lelk\u00fcket, \u00e9s felfedezz\u00e9k Istent bels\u0151 vil\u00e1gegyetem\u00fckben \u00e9s a k\u00f6rnyezet\u00fckben egyar\u00e1nt, teh\u00e1t mindazon emberi l\u00e9nyek sz\u00e1m\u00e1ra nyitott, akik bels\u0151leg er\u0151s szellemi t\u00f6rekv\u00e9st \u00e9reznek Isten megismer\u00e9s\u00e9re, hogy intenz\u00edv egys\u00e9g\u00e1llapotba ker\u00fcljenek Isten L\u00e9ny\u00e9vel, mely minden\u00fctt-jelenval\u00f3, mindentud\u00f3 \u00e9s az eg\u00e9sz Teremt\u00e9st \u00e9s Megnyilv\u00e1nul\u00e1st \u00e1t\u00f6leli.<\/p>\n<p>Ennek a mozgalomnak a r\u00e9sztvev\u0151i id\u0151r\u0151l id\u0151re kiterjedt elm\u00e9leti bemutat\u00e1sokat kapnak Isten l\u00e9t\u00e9nek rejt\u00e9ly\u00e9r\u0151l, amelyek a mozgalom megalap\u00edt\u00f3j\u00e1nak spiritu\u00e1lis kinyilatkoztat\u00e1sain \u00e9s tapasztalatain alapulnak. Ezeknek az el\u0151ad\u00e1soknak kieg\u00e9sz\u00edt\u00e9sek\u00e9ppen a r\u00e9sztvev\u0151k CD-ket kapnak aj\u00e1nd\u00e9kba, amelyen a t\u00e9m\u00e1val kapcsolatos el\u0151ad\u00e1sok, zen\u00e9k, dokumentumfilmek \u00e9s k\u00f6nyvek tal\u00e1lhat\u00f3k, amelyeknek az a rendeltet\u00e9s\u00fck, hogy megnyiss\u00e1k a r\u00e9szvev\u0151t az Istennel val\u00f3 egyre m\u00e9lyebb szem\u00e9lyes kapcsol\u00f3d\u00e1sra.<\/p>\n<p>A mozgalmat \u00e1that\u00f3 vez\u00e9rl\u0151 gondolat a k\u00f6vetkez\u0151: \u201eBels\u0151 vil\u00e1gegyetememben hat\u00e1rozott \u00e9s er\u0151s szellemi t\u00f6rekv\u00e9st, valamint Istenbe vetett t\u00f6retlen hitet nyilv\u00e1n\u00edtok meg.\u00a0 Sz\u00fcntelen\u00fcl ezt az \u00e1llapotot t\u00e1pl\u00e1lva, a lelkemet t\u00e1pl\u00e1lom. Ez a pillanatr\u00f3l pillanatra megnyilv\u00e1n\u00edtott szellemi t\u00f6rekv\u00e9s seg\u00edt egyre k\u00f6zelebb ker\u00fcln\u00f6m Istenhez.\u201c<\/p>\n<p><strong>A kereszt\u00e9nys\u00e9g ezoterikus dimenzi\u00f3j\u00e1nak felfedez\u00e9se<\/strong><\/p>\n<p>A Karizmatikus Teof\u00e1nikus Mozgalom nagym\u00e9rt\u00e9kben J\u00e9zus Krisztus tan\u00edt\u00e1sain alapul, azonban olyan n\u00e9z\u0151pontb\u00f3l, amely fokozatosan a kereszt\u00e9nys\u00e9g ezoterikus \u00e9s els\u00f6pr\u0151 dimenzi\u00f3j\u00e1nak felfedez\u00e9s\u00e9hez vezet. K\u00fcl\u00f6nleges \u00e9rt\u00e9k\u00fck van a k\u00fcl\u00f6nf\u00e9le isteni attrib\u00fatumoknak, melyek az erre vonatkoz\u00f3 kinyilatkoztat\u00e1sok szerint olyan emelkedett kifinomult energi\u00e1k, melyek v\u00e9gtelenek, \u00f6r\u00f6kk\u00e9val\u00f3k \u00e9s ingyenesek, \u00e9s amelyeknek a rezg\u00e9si hull\u00e1mhossza sohasem v\u00e1ltozik.<\/p>\n<p><strong>A<\/strong><strong>z Istennel val\u00f3 kapcsolatunk elm\u00e9ly\u00edt\u00e9se<\/strong><\/p>\n<p>Ennek a spiritu\u00e1lis mozgalomnak a c\u00e9lja, hogy megfelel\u0151 keretet teremtsen azoknak a szellemi t\u00f6rekv\u0151knek, akik szeretn\u00e9k megismerni a hiteles spiritualit\u00e1snak, a teremt\u00e9s val\u00f3s\u00e1g\u00e1nak \u00e9s az isteni t\u00f6rv\u00e9nyeknek egy \u00f6sszetett szint\u00e9zis\u00e9t, mely tud\u00e1s lehet\u0151v\u00e9 teszi az Istennel val\u00f3 kapcsolatunk elm\u00e9ly\u00edt\u00e9s\u00e9t. Egy m\u00e1sik c\u00e9lja pedig, hogy seg\u00edtse mindazokat, akik a vall\u00e1sos \u00e9rzelem puszt\u00e1n form\u00e1lis dogmatikus \u00e1ll\u00edt\u00e1sain t\u00falmen\u0151en arra v\u00e1gynak \u00e9s t\u00f6rekszenek, hogy k\u00f6zvetlen tapasztalat \u00e1ltal megismerj\u00e9k Isten l\u00e9ny\u00e9t, els\u00f6pr\u0151 \u00e9s m\u00e9ly \u00e1t\u00e9l\u00e9sben, \u00e9s \u00edgy ezek a t\u00f6rekv\u0151k fokozatosan m\u00e9ly \u00e9s szavakkal le\u00edrhatatlan, szem\u00e9lyes kapcsolatot alak\u00edtsanak ki Istennel, mely mindenekel\u0151tt a szeretet \u00e1ltal fog beteljes\u00fclni.<\/p>\n<p>A Karizmatikus Teof\u00e1nikus Mozgalom tal\u00e1lkoz\u00f3inak a keret\u00e9ben ennek \u00e9rdek\u00e9ben egy sor olyan medit\u00e1ci\u00f3t val\u00f3s\u00edtunk meg, amely az \u00edgy kifejlesztett spiritu\u00e1lis tapasztalat \u00e1ltal lehet\u0151v\u00e9 teszi, hogy mindenki bels\u0151leg gazdagodjon, \u00e9s egyre ink\u00e1bb k\u00e9pes legyen a jav\u00e1ra ford\u00edtani mindazt, amivel Isten megaj\u00e1nd\u00e9kozza.<\/p>\n","protected":false},"excerpt":{"rendered":"<p>Egy 2009-ben kezdem\u00e9nyezett spiritu\u00e1lis k\u00f6z\u00f6ss\u00e9g A Teof\u00e1nikus Spiritu\u00e1lis Mozgalom egy rendk\u00edv\u00fcli spiritu\u00e1lis k\u00f6z\u00f6ss\u00e9g, amely Gregorian Bivolaru J\u00f3gatan\u00e1r kezdem\u00e9nyez\u00e9s\u00e9re j\u00f6tt l\u00e9tre 2009-ben, \u00e9s amelynek mott\u00f3ja\u00a0\u201eIstennel, Isten\u00e9rt, Istenben, Istenbe vezet\u0151en\u201c. Azoknak az \u0151szinte keres\u0151knek sz\u00f3l, akik arra t\u00f6rekszenek, hogy fel\u00e9bressz\u00e9k a lelk\u00fcket, \u00e9s felfedezz\u00e9k Istent bels\u0151 vil\u00e1gegyetem\u00fckben \u00e9s a k\u00f6rnyezet\u00fckben egyar\u00e1nt, teh\u00e1t mindazon emberi l\u00e9nyek sz\u00e1m\u00e1ra nyitott, [&hellip;]<\/p>\n","protected":false},"author":2025,"featured_media":0,"parent":0,"menu_order":0,"comment_status":"closed","ping_status":"closed","template":"","meta":{"footnotes":""},"class_list":["post-6048","page","type-page","status-publish"],"_links":{"self":[{"href":"https:\/\/miscareacharismatica.ro\/hu\/wp-json\/wp\/v2\/pages\/6048","targetHints":{"allow":["GET"]}}],"collection":[{"href":"https:\/\/miscareacharismatica.ro\/hu\/wp-json\/wp\/v2\/pages"}],"about":[{"href":"https:\/\/miscareacharismatica.ro\/hu\/wp-json\/wp\/v2\/types\/page"}],"author":[{"embeddable":true,"href":"https:\/\/miscareacharismatica.ro\/hu\/wp-json\/wp\/v2\/users\/2025"}],"replies":[{"embeddable":true,"href":"https:\/\/miscareacharismatica.ro\/hu\/wp-json\/wp\/v2\/comments?post=6048"}],"version-history":[{"count":2,"href":"https:\/\/miscareacharismatica.ro\/hu\/wp-json\/wp\/v2\/pages\/6048\/revisions"}],"predecessor-version":[{"id":6053,"href":"https:\/\/miscareacharismatica.ro\/hu\/wp-json\/wp\/v2\/pages\/6048\/revisions\/6053"}],"wp:attachment":[{"href":"https:\/\/miscareacharismatica.ro\/hu\/wp-json\/wp\/v2\/media?parent=6048"}],"curies":[{"name":"wp","href":"https:\/\/api.w.org\/{rel}","templated":true}]}}