{"id":6065,"date":"2021-05-10T21:16:23","date_gmt":"2021-05-10T18:16:23","guid":{"rendered":"https:\/\/miscareacharismatica.ro\/regulamentul-activitatilor-online-ale-miscarii-charismatice-teofanice\/"},"modified":"2021-05-12T20:00:06","modified_gmt":"2021-05-12T17:00:06","slug":"a-karizmatikus-teofanikus-mozgalom-tevekenysegeinek-szabalyzata","status":"publish","type":"page","link":"https:\/\/miscareacharismatica.ro\/hu\/a-karizmatikus-teofanikus-mozgalom-tevekenysegeinek-szabalyzata\/","title":{"rendered":"A Karizmatikus Teof\u00e1nikus Mozgalom tev\u00e9kenys\u00e9geinek szab\u00e1lyzata"},"content":{"rendered":"<p>A keret\u00e9n bel\u00fcl sorra ker\u00fcl\u0151 Karizmatikus Teof\u00e1nikus Mozgalom (KTM) tev\u00e9kenys\u00e9geit a k\u00f6vetkez\u0151kben r\u00f6viden a KTM tev\u00e9kenys\u00e9gek\u201d\u2013nek fogjuk nevezni.<\/p>\n<ul>\n<li>A KTM tev\u00e9kenys\u00e9gek azon 18 \u00e9v felettiek sz\u00e1m\u00e1ra vannak fenntartva, akik \u00e9rv\u00e9nyes KTM igazolv\u00e1nnyal, vagy \u00e9rv\u00e9nyes KTM utalv\u00e1nnyal (bon) rendelkeznek. A Bejelentkez\u00e9si \u0171rlap el\u0151zetes al\u00e1\u00edr\u00e1s\u00e1val \u00e9s az internetes oldalhoz val\u00f3 Hozz\u00e1f\u00e9r\u00e9si felt\u00e9telek elfogad\u00e1s\u00e1val meger\u0151s\u00edti, hogy 18 \u00e9vn\u00e9l id\u0151sebb.<\/li>\n<li>A KTM tev\u00e9kenys\u00e9gek internetes oldal\u00e1hoz val\u00f3 hozz\u00e1f\u00e9r\u00e9si k\u00f3d egyedi \u00e9s nem ruh\u00e1zhat\u00f3 \u00e1t m\u00e1sra. K\u00e9rj\u00fck, \u00e9rtse meg, ha megpr\u00f3b\u00e1lnak egyszerre csatlakozni k\u00fcl\u00f6nb\u00f6z\u0151 helyeken ugyanazzal a k\u00f3ddal megtiltjuk a k\u00f3dhoz val\u00f3 hozz\u00e1f\u00e9r\u00e9st.<\/li>\n<li>Az \u00f6sszes konferenci\u00e1t \u00e9s medit\u00e1ci\u00f3t, amelyek a KTM tev\u00e9kenys\u00e9geinek a r\u00e9sz\u00e9t k\u00e9pezik angol, spanyol, orosz, cseh, magyar, olasz nyelvre ford\u00edtj\u00e1k a megfelel\u0151 csatorn\u00e1kon. A KTM tev\u00e9kenys\u00e9geinek r\u00e9szletes programja k\u00fcl\u00f6n internetes oldalon lesz el\u00e9rhet\u0151. Egyes, el\u0151sz\u00f6r bemutat\u00e1sra ker\u00fcl\u0151 el\u0151ad\u00e1sok eset\u00e9ben, utols\u00f3 pillanatban m\u00f3dos\u00edt\u00e1sok t\u00f6rt\u00e9nhetnek az el\u0151ad\u00e1s id\u0151tartam\u00e1ra \u00e9s kezd\u00e9si id\u0151pontj\u00e1ra vonatkoz\u00f3an. Ezeket a v\u00e1ltoztat\u00e1sokat id\u0151ben bejelentj\u00fck \u00e9s a programban l\u00e1that\u00f3 m\u00f3don felt\u00fcntetj\u00fck.<\/li>\n<li>A r\u00e9sztvev\u0151knek javasoljuk, hogy minden egyes alkalommal miel\u0151tt r\u00e1kapcsol\u00f3dn\u00e1nak az internetre, a program minden egyes modulja el\u0151tt, v\u00e9gezz\u00e9k el a v\u00e9d\u0151 elj\u00e1r\u00e1st az internet haszn\u00e1lat\u00e1hoz, amely megtal\u00e1lhat\u00f3 az internetes oldalon<\/li>\n<li>Ha technikai jelleg\u0171 k\u00e9rd\u00e9sekkel, vagy probl\u00e9m\u00e1kkal szembes\u00fclnek, a k\u00e9perny\u0151 jobb alj\u00e1n van egy cseveg\u00e9si (chat) ablak. Figyelem, itt nem v\u00e1laszolunk az el\u0151ad\u00e1sok tartalm\u00e1ra vonatkoz\u00f3 k\u00e9rd\u00e9sekre, hanem kiz\u00e1r\u00f3lag csak a technikai \u00e9s adminisztrat\u00edv jelleg\u0171 k\u00e9rd\u00e9seket vessz\u00fck figyelembe<\/li>\n<li>Felk\u00e9rj\u00fck, hogy helyt\u00e1ll\u00f3, l\u00e9nyegre t\u00f6r\u0151 k\u00e9rd\u00e9seiket, k\u00f6zvetlen\u00fcl az internetes oldal Kapcsolat oldal\u00e1ra pontosan felt\u00fcntetve minden alkalommal a vezet\u00e9knevet, keresztnevet, \u00e9vfolyamot \u00e9s a helys\u00e9get, az el\u0151ad\u00e1s, vagy medit\u00e1ci\u00f3 c\u00edm\u00e9t (ha az el\u0151ad\u00e1s t\u00f6bb r\u00e9szb\u0151l \u00e1ll k\u00e9rj\u00fck adja meg melyik r\u00e9szre vonatkozik a k\u00e9rd\u00e9s, vagy a besz\u00e1mol\u00f3). Ezekre a k\u00e9rd\u00e9sekre \u00e9s besz\u00e1mol\u00f3kra a k\u00f6vetkez\u0151 vak\u00e1ci\u00f3s j\u00f3gat\u00e1borban v\u00e1laszolunk.<\/li>\n<\/ul>\n<p><em>\u00a0\u00a0\u00a0\u00a0\u00a0\u00a0\u00a0\u00a0\u00a0\u00a0 Szem\u00e9lyesen e-mailben nem fog v\u00e1laszt kapni.<\/em><\/p>\n<ul>\n<li>Azok a szem\u00e9lyek, akik azut\u00e1n jelentkeznek be az internetes oldalra, hogy a KTM tev\u00e9kenys\u00e9gei elkezd\u0151dtek csak a fennmaradt tev\u00e9kenys\u00e9geken fognak r\u00e9szt venni, nem k\u00e9rv\u00e9nyezhetik azon KTM tev\u00e9kenys\u00e9gek megism\u00e9tl\u00e9s\u00e9t, amelyeken nem vettek r\u00e9szt.<\/li>\n<li>Akik, szeretn\u00e9nek id\u0151ben \u00e9rtes\u00fclni a l\u00e9nyeges hirdet\u00e9sekr\u0151l (pl. a lehets\u00e9ges programv\u00e1ltoz\u00e1sokr\u00f3l) azok feliratkozhatnak a t\u00e1bori Telegram csatorn\u00e1ra a\u00a0<a href=\"https:\/\/t.me\/tabaraonline\">https:\/\/t.me\/tabaraonline<\/a>\u00a0linkre kattintva. Ez nem egy vitacsoport, itt egyetlen k\u00e9rd\u00e9sre sem kap v\u00e1laszt, itt szigor\u00faan csak hirdet\u00e9seket tesznek k\u00f6zz\u00e9.<\/li>\n<\/ul>\n","protected":false},"excerpt":{"rendered":"<p>A keret\u00e9n bel\u00fcl sorra ker\u00fcl\u0151 Karizmatikus Teof\u00e1nikus Mozgalom (KTM) tev\u00e9kenys\u00e9geit a k\u00f6vetkez\u0151kben r\u00f6viden a KTM tev\u00e9kenys\u00e9gek\u201d\u2013nek fogjuk nevezni. A KTM tev\u00e9kenys\u00e9gek azon 18 \u00e9v felettiek sz\u00e1m\u00e1ra vannak fenntartva, akik \u00e9rv\u00e9nyes KTM igazolv\u00e1nnyal, vagy \u00e9rv\u00e9nyes KTM utalv\u00e1nnyal (bon) rendelkeznek. A Bejelentkez\u00e9si \u0171rlap el\u0151zetes al\u00e1\u00edr\u00e1s\u00e1val \u00e9s az internetes oldalhoz val\u00f3 Hozz\u00e1f\u00e9r\u00e9si felt\u00e9telek elfogad\u00e1s\u00e1val meger\u0151s\u00edti, hogy 18 \u00e9vn\u00e9l [&hellip;]<\/p>\n","protected":false},"author":2025,"featured_media":0,"parent":0,"menu_order":0,"comment_status":"closed","ping_status":"closed","template":"","meta":{"footnotes":""},"class_list":["post-6065","page","type-page","status-publish"],"_links":{"self":[{"href":"https:\/\/miscareacharismatica.ro\/hu\/wp-json\/wp\/v2\/pages\/6065","targetHints":{"allow":["GET"]}}],"collection":[{"href":"https:\/\/miscareacharismatica.ro\/hu\/wp-json\/wp\/v2\/pages"}],"about":[{"href":"https:\/\/miscareacharismatica.ro\/hu\/wp-json\/wp\/v2\/types\/page"}],"author":[{"embeddable":true,"href":"https:\/\/miscareacharismatica.ro\/hu\/wp-json\/wp\/v2\/users\/2025"}],"replies":[{"embeddable":true,"href":"https:\/\/miscareacharismatica.ro\/hu\/wp-json\/wp\/v2\/comments?post=6065"}],"version-history":[{"count":2,"href":"https:\/\/miscareacharismatica.ro\/hu\/wp-json\/wp\/v2\/pages\/6065\/revisions"}],"predecessor-version":[{"id":6078,"href":"https:\/\/miscareacharismatica.ro\/hu\/wp-json\/wp\/v2\/pages\/6065\/revisions\/6078"}],"wp:attachment":[{"href":"https:\/\/miscareacharismatica.ro\/hu\/wp-json\/wp\/v2\/media?parent=6065"}],"curies":[{"name":"wp","href":"https:\/\/api.w.org\/{rel}","templated":true}]}}