{"id":6085,"date":"2021-05-11T22:38:27","date_gmt":"2021-05-11T19:38:27","guid":{"rendered":"https:\/\/miscareacharismatica.ro\/termeni-si-conditii-de-acces\/"},"modified":"2021-05-12T23:30:17","modified_gmt":"2021-05-12T20:30:17","slug":"belepesi-feltetelek","status":"publish","type":"page","link":"https:\/\/miscareacharismatica.ro\/hu\/belepesi-feltetelek\/","title":{"rendered":"Bel\u00e9p\u00e9si felt\u00e9telek"},"content":{"rendered":"<p><strong>A &#8222;Mi\u0219carea Charismatic\u0103 Teofanic\u0103&#8221;\u00a0honlapj\u00e1nak \u00e1ltal\u00e1nos bel\u00e9p\u00e9si felt\u00e9telei:\u00a0miscareacharismatica.ro\u00a0\u00e9s ennek az al-dom\u00e9niumai<\/strong><\/p>\n<ol>\n<li><strong> Tudnival\u00f3k a honlapr\u00f3l<\/strong><\/li>\n<\/ol>\n<p>1.1. A MCT internetes honlapot k\u00f6z\u00f6tt az \u201cASOCIA\u0162IA NA\u0162IONAL\u0102 PENTRU PROMOVAREA MEDICINELOR NECONVEN\u0162IONALE\u201d, r\u00f6vid\u00edtve az AMN ROMANIA (Az alternat\u00edv gy\u00f3gym\u00f3dok terjeszt\u00e9s\u00e9nek orsz\u00e1gos egyes\u00fclete) adminisztr\u00e1lja.,<\/p>\n<p>Az AMN ROMANIA sz\u00e9khelye Bucure\u0219ti, sector 3, Aleea Cioplea nr. 6, cam. 108, bejegyezve ezen a sz\u00e1mon: 219\/PJ\/1992, MS-264\/14.04.1992, 94\/PJ\/2004, 80-2\/375149, 128\/PJ\/2007, C.I.F. 9347616.<\/p>\n<p>A honlapot a felt\u00e9telek tov\u00e1bbi le\u00edr\u00e1sa sor\u00e1n\u00a0<strong>MCT<\/strong>\u00a0n\u00e9ven nevezz\u00fck.<\/p>\n<p>Kapcsolatfelv\u00e9tel: ROMANIA, Bucure\u0219ti, sector 2, Str. Ote\u0219ani nr. 16.<\/p>\n<p>email: tabaraonline2021@gmail.com.<\/p>\n<ol start=\"2\">\n<li><strong> Szellemi tulajdon<\/strong><\/li>\n<\/ol>\n<p>2.1. A MCT honlap tartalm\u00e1nak \u00e9s megtapasztal\u00e1s\u00e1nak a felhaszn\u00e1l\u00e1sa a Szenz\u00e1ci\u00f3s MISA TV tulajdona, \u00e9s ezt az \u00e9rv\u00e9nyben l\u00e9v\u0151 rom\u00e1niai t\u00f6rv\u00e9ny v\u00e9di a szerz\u0151i jogok \u00e9s egy\u00e9b ezzel kapcsolatos jogok tekintet\u00e9ben. A \u00abKomment hozz\u00e1ad\u00e1sa\u00bb pontn\u00e1l a felhaszn\u00e1l\u00f3k \u00e1ltal k\u00f6zz\u00e9tett sz\u00f6vegek a k\u00f6zz\u00e9t\u00e9tel pillanat\u00e1t\u00f3l kezdve a MCT tulajdon\u00e1v\u00e1 v\u00e1lnak. A bejelentkezett felhaszn\u00e1l\u00f3k vagy harmadik felek \u00e1ltal a MISA Senza\u021bional TV-n (Szenz\u00e1ci\u00f3s MISA TV-n) k\u00f6zz\u00e9tett tartalmak szerz\u0151i jogai \u00e9s az ezzel kapcsolatos felel\u0151ss\u00e9g teljes m\u00e9rt\u00e9kben azt illeti meg, aki az adott inform\u00e1ci\u00f3t k\u00f6zz\u00e9tette. A partnerekt\u0151l \u00e1tvett tartalmak -a vel\u00fck k\u00f6t\u00f6tt meg\u00e1llapod\u00e1sok \u00e9rtelm\u00e9ben \u2013 \u00fagy azonos\u00edthat\u00f3k, hogy az illet\u0151 k\u00f6zz\u00e9tett sz\u00f6veg vagy k\u00e9p mellett felt\u00fcntetj\u00fck a partner nev\u00e9t.<\/p>\n<p>2.2. A MCT tartalmait \u00d6n kiz\u00e1r\u00f3lag saj\u00e1t c\u00e9lra haszn\u00e1lhatja.<\/p>\n<p>2.3. Az al\u00e1bbiakban felsorolt tev\u00e9kenys\u00e9gek\u00a0<strong>nem\u00a0<\/strong>enged\u00e9lyezettek<strong>,\u00a0<\/strong>kiv\u00e9ve abban az esetben, ha el\u0151zetesen \u00edr\u00e1sos enged\u00e9lyt k\u00e9rtek \u00e9s kaptak a MCT-t\u0151l:<\/p>\n<ol>\n<li>A MISA Senza\u021bional TV-nek (Szenz\u00e1ci\u00f3s MISA TV-nek) a tartalom szerz\u0151i jogaira utal\u00f3 jelz\u00e9s\u00e9t az adott tartalmakr\u00f3l elt\u00e1vol\u00edtani tilos;<\/li>\n<li>A MCT \u00e1ltal k\u00f6zz\u00e9tett tartalmakat m\u00f3dos\u00edtani, k\u00f6zz\u00e9tenni, b\u00e1rmilyen m\u00f3don vagy form\u00e1ban \u00fajrak\u00f6zvet\u00edteni tilos. Valamint lem\u00e1solni, \u00e1tadni, sokszoros\u00edtani, eladni, kereskedelemben forgalmazni, a tartalmat m\u00f3dos\u00edtani, illetve nyilv\u00e1nosan k\u00f6zz\u00e9tenni, t\u0151l\u00fcnk kapott el\u0151zetes \u00edrott enged\u00e9ly hi\u00e1ny\u00e1ban szint\u00e9n tilos.<\/li>\n<li>Tilos, tov\u00e1bb\u00e1, ezeket a tartalmakat kereskedelmi c\u00e9llal sokszoros\u00edtani, t\u00e1rolni, vagy valamely m\u00e1s honlapra vagy szerver-re \u00e1tk\u00fcldeni vagy k\u00f6zz\u00e9tenni.<\/li>\n<\/ol>\n<p>2.4. Tilos, tov\u00e1bb\u00e1, a MCT tartalmainak jelen dokumentumban kifejezetten enged\u00e9lyezett felhaszn\u00e1l\u00e1s\u00e1n t\u00falmen\u0151, m\u00e1s c\u00e9l\u00fa haszn\u00e1lata, illetve tilos ezeket a jelenleg hat\u00e1lyos t\u00f6rv\u00e9nyt\u0151l elt\u00e9r\u0151, m\u00e1s m\u00f3don haszn\u00e1lni. Amennyiben k\u00e9rv\u00e9nyezni szeretn\u00e9k a tartalmaknak jelen dokumentumban kifejezetten enged\u00e9lyezett form\u00e1j\u00e1n t\u00falmen\u0151, m\u00e1s c\u00e9lra val\u00f3 felhaszn\u00e1l\u00e1s\u00e1t, akkor az al\u00e1bbi e-mail c\u00edmre \u00edrhatnak: tabaraonline2021@gmail.com.<\/p>\n<p>2.5. Amennyiben \u00d6n \u00fagy \u00edt\u00e9li meg, hogy a MCT honlapj\u00e1n tal\u00e1lhat\u00f3 valamely tartalom s\u00e9rti az \u00d6n valamely jog\u00e1t\u00a0\u00a0\u2013 a szellemi tulajdonhoz val\u00f3 jogot, a mag\u00e1n\u00e9lethez val\u00f3 jogot, a nyilv\u00e1noss\u00e1ghoz val\u00f3 jogot, vagy m\u00e1s szem\u00e9lyis\u00e9gi jogot \u2013 akkor k\u00e9rj\u00fck, k\u00fcldj\u00f6n e-mailt a tabaraonline2021@gmail.com\u00a0c\u00edmre, melyben meg\u00edrja, hogy mely szem\u00e9lyis\u00e9gi jogok s\u00e9r\u00fcltek, annak \u00e9rdek\u00e9ben, hogy MCT gondnoka az elektronikai kereskedelemre vonatkoz\u00f3 hat\u00e1lyos t\u00f6rv\u00e9ny (365\/2002 T\u00f6rv\u00e9ny) rendelkez\u00e9sei szerint j\u00e1rjon el.<\/p>\n<ol start=\"3\">\n<li><strong> A bel\u00e9p\u00e9s felf\u00fcggeszt\u00e9se<\/strong><\/li>\n<\/ol>\n<p>A MCT b\u00e1rmilyen m\u00e1s el\u0151zetes \u00e9rtes\u00edt\u00e9s vagy formas\u00e1g n\u00e9lk\u00fcl \u00e9s an\u00e9lk\u00fcl, hogy ez a magatart\u00e1s b\u00e1rmilyen magyar\u00e1zatra szorulna, felf\u00fcggesztheti vagy lefagyaszthatja az \u00d6n hozz\u00e1f\u00e9r\u00e9s\u00e9t a honlap tartalm\u00e1hoz vagy a honlap egy r\u00e9sz\u00e9hez.<\/p>\n<ol start=\"4\">\n<li><strong> V\u00e1ltoztat\u00e1sok a honlapon<\/strong><\/li>\n<\/ol>\n<p>A MCT fenntartja mag\u00e1nak az ahhoz val\u00f3 jogot, hogy b\u00e1rmely pillanatban felf\u00fcggessze, m\u00f3dos\u00edtsa, kieg\u00e9sz\u00edtse vagy let\u00f6r\u00f6lje az \u00d6n tartalmainak egyes r\u00e9szeit. A MCT ugyanakkor fenntartja mag\u00e1nak a jogot ahhoz, hogy korl\u00e1tozza a felhaszn\u00e1l\u00f3k hozz\u00e1f\u00e9r\u00e9s\u00e9t a honlap tartalm\u00e1nak egy r\u00e9sz\u00e9hez vagy annak eg\u00e9sz\u00e9hez.<\/p>\n<ol start=\"5\">\n<li><strong> Bejelentkez\u00e9s, jelszavak \u00e9s felel\u0151ss\u00e9g<\/strong><\/li>\n<\/ol>\n<p>5.1. Ahhoz, hogy \u00d6n hozz\u00e1f\u00e9rjen a h\u00edrlev\u00e9l szolg\u00e1ltat\u00e1shoz vagy m\u00e1s szolg\u00e1ltat\u00e1sokhoz a honlap keret\u00e9n bel\u00fcl, sz\u00fcks\u00e9ges felhaszn\u00e1l\u00f3n\u00e9vvel \u00e9s jelsz\u00f3val bejelentkeznie. Azt javasoljuk, hogy ezt a jelsz\u00f3t senkinek ne hozza tudom\u00e1s\u00e1ra. A MCT soha nem fogja k\u00e9rni \u00d6nt\u0151l az \u00d6n jelszav\u00e1t semmif\u00e9le \u00fczenetben, sem telefonon, sem emailben.<\/p>\n<p>5.2. Sajn\u00e1latos m\u00f3don az internet \u00e1ltali ad\u00e1s k\u00f6zvet\u00edt\u00e9s\u00e9t nem lehet 100%-ban biztos\u00edtani. K\u00f6vetkez\u00e9sk\u00e9ppen, minden er\u0151fesz\u00edt\u00e9s\u00fcnk ellen\u00e9re, mely arra ir\u00e1nyul, hogy v\u00e9delmezz\u00fck az \u00d6n szem\u00e9lyes adatait, a MCT nem k\u00e9pes biztos\u00edtani az \u00d6n \u00e1ltal k\u00fcld\u00f6tt inform\u00e1ci\u00f3k biztons\u00e1g\u00e1t, \u00d6nt\u0151l mifel\u00e9nk, a mi online szolg\u00e1ltat\u00e1saink fel\u00e9, vagy a mi online szolg\u00e1ltat\u00e1sainkt\u00f3l \u00d6nh\u00f6z. Teh\u00e1t figyelmeztetj\u00fck \u00d6nt, hogy b\u00e1rmely, a sz\u00e1munkra k\u00fcld\u00f6tt inform\u00e1ci\u00f3t, \u00d6n a saj\u00e1t felel\u0151ss\u00e9g\u00e9re k\u00f6zvet\u00edti sz\u00e1munkra.<\/p>\n<ol start=\"6\">\n<li><strong> Mag\u00e1n\u00e9let<\/strong><\/li>\n<\/ol>\n<p><strong>6.1. \u00c1ltal\u00e1nos tudnival\u00f3k<\/strong><\/p>\n<p>A MCT tiszteletben tartja az \u00d6n szem\u00e9lyes mag\u00e1n\u00e9let\u00e9t \u00e9s szem\u00e9lyes adatait, melyeket megoszt vel\u00fcnk e honlapra val\u00f3 bejelentkez\u00e9se pillanat\u00e1ban. Ezeknek az inform\u00e1ci\u00f3knak az a szerep\u00fck, hogy t\u00e1j\u00e9koztass\u00e1k \u00d6nt arr\u00f3l, hogy milyen azonos\u00edthat\u00f3 szem\u00e9lyes adatokat gy\u0171jt\u00fcnk \u00f6ssze \u00d6nt\u0151l, hogyan \u00e9s mire haszn\u00e1lhatjuk ezeket az adatokat, \u00e9s mi milyen m\u00f3don igyeksz\u00fcnk v\u00e9deni az \u00d6nt\u0151l begy\u0171jt\u00f6tt adatokat, kinek van hozz\u00e1f\u00e9r\u00e9se az \u00d6n adataihoz, \u00e9s az id\u0151k sor\u00e1n mik\u00e9nt lehet kijav\u00edtani az \u00e1tvett adatokban bek\u00f6vetkezett pontatlans\u00e1gokat.<\/p>\n<p>A MCT tiszteletben tartja az \u00e9rv\u00e9nyben lev\u0151 t\u00f6rv\u00e9nyt, k\u00fcl\u00f6n\u00f6sk\u00e9ppen azt a k\u00e9t t\u00f6rv\u00e9nyes szab\u00e1lyt, amelyek az Eur\u00f3pai Uni\u00f3 szintj\u00e9n az adatv\u00e9delemre vonatkoz\u00f3 t\u00f6rv\u00e9nycsomagot alkotj\u00e1k:<\/p>\n<p>A fizikai szem\u00e9lyek v\u00e9delm\u00e9re vonatkoz\u00f3 (EU) 2016\/679-os szab\u00e1lyzat, ami a szem\u00e9lyes adatok feldolgoz\u00e1s\u00e1t, illetve ezen adatok szabad forgalm\u00e1t illeti, valamint a 95\/46\/CE ir\u00e1nyelv (Az adatok v\u00e9delm\u00e9re vonatkoz\u00f3 \u00e1ltal\u00e1nos szab\u00e1lyzat), \u00e9s a t\u00f6rv\u00e9nyt alkalmaz\u00f3 hat\u00f3s\u00e1gok \u00e1ltal lebonyol\u00edtott saj\u00e1tos tev\u00e9kenys\u00e9gek keret\u00e9ben t\u00f6rt\u00e9n\u0151, az adatok v\u00e9delm\u00e9re vonatkoz\u00f3 (EU) 2016\/680-as ir\u00e1nyelv hat\u00e1lytalan\u00edt\u00e1s\u00e1t illeti.<\/p>\n<p>Ezeknek megfelel\u0151en, \u00d6nnek joga van az adatokhoz val\u00f3 hozz\u00e1f\u00e9r\u00e9shez, ezek m\u00f3dos\u00edt\u00e1s\u00e1hoz, mentes b\u00e1rmilyen egy\u00e9ni d\u00f6nt\u00e9s k\u00e9nyszer\u00e9t\u0151l \u00e9s joga van az igazs\u00e1gszolg\u00e1ltat\u00e1shoz fordulni. Ugyanakkor, joga van ellen\u00e1llni az \u00d6nre vonatkoz\u00f3 szem\u00e9lyes adatok feldolgoz\u00e1s\u00e1nak, illetve k\u00e9relmezheti az adatok kit\u00f6rl\u00e9s\u00e9t. Ezt a jog\u00e1t gyakorolhatja e-mailben megfogalmazott, d\u00e1tummal \u00e9s al\u00e1\u00edr\u00e1ssal ell\u00e1tott k\u00e9rv\u00e9nyben, amelyet a tabaraonline2021@gmail.com\u00a0c\u00edmre k\u00fcldhet.<\/p>\n<p>Az adatgy\u0171jt\u00e9s c\u00e9lja, hogy hozz\u00e1f\u00e9r\u00e9st biztos\u00edtson \u00d6nnek az \u00f6n saj\u00e1t webhely fi\u00f3kj\u00e1hoz a MCT oldal\u00e1n, valamint t\u00e1j\u00e9koztassa a felhaszn\u00e1l\u00f3kat a friss h\u00edrekr\u0151l, a versenyeken val\u00f3 r\u00e9szv\u00e9telr\u0151l, vagy a MCT \u00e1ltal lebonyol\u00edtott rekl\u00e1mkamp\u00e1nyokban val\u00f3 r\u00e9szv\u00e9telekr\u0151l.<\/p>\n<p>A MISA Senza\u021bional TV hozz\u00e1f\u00e9r\u00e9s\u00e9nek a c\u00e9lja az \u00f6n sz\u00e1m\u00edt\u00f3g\u00e9p\u00e9n t\u00e1rolt adataihoz (s\u00fctik \u00e1ltal) az, hogy szem\u00e9lyre szabhassuk a megjelen\u00edtett tartalmakat, p\u00e9ld\u00e1ul minden felhaszn\u00e1l\u00f3 szem\u00e9lyes be\u00e1ll\u00edt\u00e1sainak a meg\u0151rz\u00e9se, a kommentek azonos\u00edt\u00e1sa, vagy a felhaszn\u00e1l\u00f3i profilok l\u00e9trehoz\u00e1sa (an\u00e9lk\u00fcl, hogy egy bizonyos felhaszn\u00e1l\u00f3t, vagy informatikai k\u00e9sz\u00fcl\u00e9ket azonos\u00edtan\u00e1nk).<\/p>\n<p>M\u00e1s harmadik felek, mint p\u00e9ld\u00e1ul, azok, akik adatforgalmi adatokat gy\u0171jtenek (pl. SATI), vagy, amelyek a szoci\u00e1lis h\u00e1l\u00f3zatokhoz (pl. Facebook) tartoznak \u00e9s a MCT oldal\u00e1n tal\u00e1lhat\u00f3ak, haszn\u00e1lhatnak s\u00fctiket (cookie) adatforgalmi inform\u00e1ci\u00f3gy\u0171jt\u00e9s, illetve a k\u00f6z\u00f6ss\u00e9gi h\u00e1l\u00f3zati tartalmak eloszt\u00e1s\u00e1nak enged\u00e9lyez\u00e9se c\u00e9lj\u00e1b\u00f3l.<\/p>\n<p>Azok a felhaszn\u00e1l\u00f3k, akik nem k\u00edv\u00e1nj\u00e1k, hogy a harmadik felelek hozz\u00e1f\u00e9rjenek az \u0151 sz\u00e1m\u00edt\u00f3g\u00e9p\u00fck\u00f6n t\u00e1rolt adatokhoz (s\u00fctik \u00e1ltal), haszn\u00e1lhatj\u00e1k a b\u00f6ng\u00e9sz\u0151 be\u00e1ll\u00edt\u00e1sait, amelyek let\u00f6rlik, vagy blokkolj\u00e1k ezeket. A felhaszn\u00e1l\u00f3ink \u00e9rdek\u00e9ben jelezz\u00fck azt, ahogyan a piacon haszn\u00e1latos h\u00e1rom f\u0151 b\u00f6ng\u00e9sz\u0151 ezt lehet\u0151v\u00e9 teszi:<\/p>\n<p>\u2014 Internet Explorer \u2014\u00a0<a href=\"http:\/\/support.microsoft.com\/kb\/278835\/ro\">http:\/\/support.microsoft.com\/kb\/278835\/ro<\/a><\/p>\n<p>\u2014 Mozilla Firefox \u2014\u00a0<a href=\"http:\/\/support.mozilla.org\/ro\/kb\/cookie-urile\">http:\/\/support.mozilla.org\/ro\/kb\/cookie-urile<\/a><\/p>\n<p>\u2014 Google Chrome \u2014\u00a0<a href=\"http:\/\/support.google.com\/chrome\/bin\/answer.py?hl=ro&amp;answer=95647\">http:\/\/support.google.com\/chrome\/bin\/answer.py?hl=ro&amp;answer=95647<\/a><\/p>\n<p><strong>6.2 Milyen inform\u00e1ci\u00f3kat gy\u0171jt\u00fcnk \u00f6ssze<\/strong><\/p>\n<p>A MCT h\u00e1romf\u00e9le m\u00f3don gy\u0171jt adatokat a felhaszn\u00e1l\u00f3it\u00f3l: k\u00f6zvetlen\u00fcl a felhaszn\u00e1l\u00f3t\u00f3l, a mi honlapjainknak otthont ny\u00fajt\u00f3 szerverek \u00e1ltal r\u00f6gz\u00edtett adatforgalmi jelent\u00e9sekb\u0151l \u00e9s a s\u00fctik (cookie-k) alapj\u00e1n.<\/p>\n<p>A felhaszn\u00e1l\u00f3 \u00e1ltal k\u00f6zvetlen\u00fcl szolg\u00e1ltatott inform\u00e1ci\u00f3k: amikor \u00f6n a MCT oldal\u00e1n fi\u00f3kot nyit, megk\u00e9rdezhetj\u00fck az \u00f6n nev\u00e9t, e-mail c\u00edm\u00e9t, \u00e9s m\u00e1s szem\u00e9lyes adatokat is k\u00e9rhet\u00fcnk. Az adatokat \u201e A Te Profilod\u201d r\u00e9szlegen lehet kijav\u00edtani, amely a port\u00e1l jobb fels\u0151 sark\u00e1ban hozz\u00e1f\u00e9rhet\u0151 az oldalon tett l\u00e1togat\u00e1s teljes ideje alatt. Ezeket az \u00f6n \u00e1ltal elk\u00fcld\u00f6tt adatokat semmilyen harmadik f\u00e9llel nem osztjuk meg.<\/p>\n<p>A szerver \u00e1ltal k\u00fcld\u00f6tt jelent\u00e9s a honlap adatforgalm\u00e1r\u00f3l: amikor \u00d6n megl\u00e1togat egy weblapot, egy\u00fattal el\u00e1rul bizonyos inform\u00e1ci\u00f3kat \u00d6nre vonatkoz\u00f3an, amilyen, p\u00e9ld\u00e1ul az \u00d6n IP c\u00edme, a l\u00e1togat\u00e1sa id\u0151pontja, a fizikai helysz\u00edn, ahol fell\u00e9pett a mi honlapjainkra. A Szenz\u00e1ci\u00f3s MISA TV r\u00f6gz\u00edti ezeket az adatokat egy meghat\u00e1rozott id\u0151re. C\u00e9g\u00fcnk\u00f6n k\u00edv\u00fcl tal\u00e1lhat\u00f3 szolg\u00e1ltat\u00e1sokat haszn\u00e1lunk az adatforgalom elemz\u00e9s\u00e9re, amilyen, p\u00e9ld\u00e1ul a Trafic.ro, Google Analytics vagy SATI \u2013 Az Internetes Adatforgalom \u00e9s L\u00e1togatotts\u00e1g Vizsg\u00e1lata.<\/p>\n<p>S\u00fctik: annak \u00e9rdek\u00e9ben, hogy felhaszn\u00e1l\u00f3inknak szem\u00e9lyre\u00edszabott szolg\u00e1ltat\u00e1sokat k\u00edn\u00e1ljunk fel, a MCT s\u00fctiket haszn\u00e1lhat, hogy el\u0151seg\u00edtse a hozz\u00e1f\u00e9r\u00e9st az \u00d6n sz\u00e1m\u00e1ra az \u00d6n sz\u00e1ml\u00e1j\u00e1hoz \u00e9s az \u00e1ltala biztos\u00edtott el\u0151ny\u00f6kh\u00f6z.<\/p>\n<p>A s\u00fctik \u201e.txt\u201d t\u00edpus\u00fa dokumentumok, melyeket az \u00d6n internet b\u00f6ng\u00e9sz\u0151je sz\u00e1m\u00e1ra egy internetes szerver k\u00edn\u00e1l fel \u00e9s azut\u00e1n ezek t\u00e1rol\u00e1sra ker\u00fclnek az \u00d6n sz\u00e1m\u00edt\u00f3g\u00e9p\u00e9nek a merevlemez\u00e9n. A s\u00fctik haszn\u00e1lata egy jelenlegi \u00e1ltal\u00e1nos szabv\u00e1ny, sz\u00e1mos fontos olyan internetes honlap eset\u00e9ben, amelyeket \u00d6n megl\u00e1togat.<\/p>\n<p>A b\u00f6ng\u00e9sz\u0151k nagy r\u00e9sze \u00fagy van be\u00e1ll\u00edtva, hogy elfogadjon s\u00fctiket. Hogyha azonban \u00d6n nem ezt r\u00e9szes\u00edti el\u0151nyben, akkor \u00fajra be\u00e1ll\u00edthatja az \u00d6n b\u00f6ng\u00e9sz\u0151j\u00e9ben, ak\u00e1r \u00fagy, hogy \u00e9rtes\u00edt\u00e9st kapjon r\u00f3la, valah\u00e1nyszor egy s\u00fctit kap, vagy egyenesen visszautas\u00edtja b\u00e1rmely s\u00fcti elfogad\u00e1s\u00e1t. A s\u00fctik lehet\u0151v\u00e9 teszik sz\u00e1munkra, hogy elments\u00fck az \u00d6n jelszavait, melyekkel be tud l\u00e9pni a mi honlapunkra \u00e9s ugyanakkor ez\u00e1ltal megjegyezhetj\u00fck az \u00d6n v\u00e1laszt\u00e1sait, az\u00e9rt, hogy k\u00f6vetkez\u0151kor, amikor majd megl\u00e1togatja honlapunkat, ne kelljen \u00fajra be\u00edrnia mindezeket.<\/p>\n<p><strong>6.3 Hogyan v\u00e9dj\u00fck az \u00d6nt\u0151l \u00f6sszegy\u0171jt\u00f6tt adatokat<\/strong><\/p>\n<p>Az \u00d6nt\u0151l begy\u0171jt\u00f6tt adatok v\u00e9delme \u00e9s ezeknek a bizalmas kezel\u00e9se sz\u00e1munkra kiemelten fontos. A MCT soha nem adja tov\u00e1bb harmadik feleknek a begy\u0171jt\u00f6tt adatokat az \u00d6n el\u0151zetes \u00e9s kifejezett beleegyez\u00e9se n\u00e9lk\u00fcl. B\u00e1rmely statisztika, amely a felhaszn\u00e1l\u00f3ink adatforgalm\u00e1ra vonatkozik, csup\u00e1n \u00e1ltal\u00e1nos egys\u00e9g\u00e9ben, mint adathalmaz, ker\u00fcl felhaszn\u00e1l\u00e1sra, \u00e9s semmelyik egy\u00e9ni felhaszn\u00e1l\u00f3r\u00f3l nem tartalmaz egyetlenegy azonos\u00edthat\u00f3, szem\u00e9lyes jelleg\u0171 inform\u00e1ci\u00f3t sem.<\/p>\n<p>Az \u00d6n hozz\u00e1f\u00e9r\u00e9se bizonyos szolg\u00e1ltat\u00e1sokhoz \u00e9s inform\u00e1ci\u00f3khoz a honlapon jelsz\u00f3 \u00e1ltal van v\u00e9dve.<\/p>\n<p>Amint megkapjuk az \u00d6n \u00e1ltal elk\u00fcld\u00f6tt adatokat, biztos\u00edtjuk \u00d6nt r\u00f3la, hogy \u2013 az \u00e9rv\u00e9nyben lev\u0151 rom\u00e1niai t\u00f6rv\u00e9nyek \u00e1ltal megszabott biztons\u00e1gi szabv\u00e1ny szerint \u2013 minden er\u0151fesz\u00edt\u00e9st meg fogunk tenni az adatok kezel\u00e9s\u00e9nek biztons\u00e1ga \u00e9rdek\u00e9ben saj\u00e1t rendszer\u00fcnk\u00f6n bel\u00fcl.<\/p>\n<p><strong>6.4 Ki f\u00e9rhet hozz\u00e1 az \u00d6nt\u0151l begy\u0171jt\u00f6tt adatokhoz<\/strong>?<\/p>\n<p>A MCT \u2013 a felhaszn\u00e1l\u00f3 kifejezett beleegyez\u00e9se n\u00e9lk\u00fcl \u2013 semmilyen harmadik f\u00e9l sz\u00e1m\u00e1ra semmif\u00e9le azonos\u00edthat\u00f3 inform\u00e1ci\u00f3t nem fog felt\u00e1rni<strong>\u00a0<\/strong>a felhasz\u00e1l\u00f3 b\u00e1rmilyen jelleg\u0171 szem\u00e9lyes adataira vonatkoz\u00f3an.<\/p>\n<p>Ugyanakkor a MISA Senza\u021bional TV-nek (Szenz\u00e1ci\u00f3s MISA TV) jog\u00e1ban \u00e1ll felfedni bizonyos szem\u00e9lyesen azonos\u00edthat\u00f3 inform\u00e1ci\u00f3kat, amikor ezt a t\u00f6rv\u00e9ny kifejezetten el\u0151\u00edrja, erre jogosult hat\u00f3s\u00e1g k\u00e9r\u00e9s\u00e9re vagy a MCT jogainak v\u00e9delme \u00e9rdek\u00e9ben.<\/p>\n<ol start=\"7\">\n<li>7<strong>. A kommentek j\u00f3v\u00e1hagy\u00e1sa<\/strong><\/li>\n<\/ol>\n<p>A MCT fenntartja mag\u00e1nak a jogot, hogy ne hagyja j\u00f3v\u00e1 vagy \u2013 a felhaszn\u00e1l\u00f3 \u00e1ltali k\u00e9s\u0151bbi \u00fajraaktiv\u00e1l\u00e1si lehet\u0151s\u00e9g n\u00e9lk\u00fcl \u2013 inakt\u00edvv\u00e1 tegye azokat az inform\u00e1ci\u00f3kat vagy kommenteket, melyek ellenkeznek a felhaszn\u00e1l\u00e1si felt\u00e9telekkel, vagy, amelyek nincsenek \u00f6sszef\u00fcgg\u00e9sben az els\u0151dleges cikk t\u00e9m\u00e1j\u00e1val, vagy, amelyeket a MCT egyoldal\u00faan \u00fagy tekint, hogy azok t\u00f6rv\u00e9nytelenek, valakire n\u00e9zve h\u00e1tr\u00e1nyosan megk\u00fcl\u00f6nb\u00f6ztet\u0151ek, r\u00e1galmaz\u00f3ak, valamilyen szempontb\u00f3l nem megfelel\u0151ek vagy b\u00e1rmilyen form\u00e1ban \u00e1rtalmasak ak\u00e1r a saj\u00e1t, ak\u00e1r\u00a0\u00a0a partnerek vagy egy harmadik f\u00e9l arculat\u00e1ra vonatkoz\u00f3an.<\/p>\n<p>A felhaszn\u00e1l\u00f3 az egyetlen felel\u0151s az \u00e1ltala k\u00f6zl\u00e9sre elk\u00fcld\u00f6tt \u00fczenetek tartalm\u00e1\u00e9rt. Teh\u00e1t tudnia kell, hogy a k\u00fcl\u00f6nf\u00e9le k\u00f6zl\u00e9sek vagy adatok k\u00f6zz\u00e9t\u00e9tele vagy k\u00f6zvet\u00edt\u00e9se a MCT \u00e1ltal az \u00d6n rendelkez\u00e9s\u00e9re bocs\u00e1tott platformokon, a jelen felt\u00e9telek mellett val\u00f3sulnak meg. Ennek \u00e9rtelm\u00e9ben el\u0151fordulhat, hogy az inform\u00e1ci\u00f3k nem fognak megjelenni a MCT platformj\u00e1n, hogyha ezeket a MCT valamelyik adminisztr\u00e1tora nem hagyja j\u00f3v\u00e1.<\/p>\n<p>A felhaszn\u00e1l\u00f3nak szint\u00e9n sz\u00fcks\u00e9ges meg\u00e9rtenie, hogy nem k\u00f6zvet\u00edthet semmif\u00e9le bizalmas inform\u00e1ci\u00f3t vagy nem utalhat ilyenre semmilyen k\u00e9retlen vagy kereskedelmi \u00fczenet form\u00e1j\u00e1ban, \u00e9s olyan \u00fczeneteket sem k\u00f6z\u00f6lhet, melyek v\u00edrusokat tartalmaznak, sem, pedig, m\u00e1s k\u00f3d szekvenci\u00e1t sem, amelyr\u0151l kider\u00fcl, hogy az \u00e1rtalmas vagy k\u00e9pes megszak\u00edtani, megsz\u00fcntetni vagy korl\u00e1tozni a MCT m\u0171k\u00f6d\u0151k\u00e9pess\u00e9g\u00e9t. \u00d6n nem k\u00fcldhet ilyesmit sem a MISA Senza\u021bional TV t\u00f6bbi felhaszn\u00e1l\u00f3j\u00e1nak, sem, pedig, az adminisztr\u00e1toroknak. Ide tartoznak az \u00fagynevezett \u201epiramisj\u00e1t\u00e9k\u201d t\u00edpus\u00fa \u00fczenetek, vagy b\u00e1rmilyen m\u00e1s t\u00edpus\u00fa tev\u00e9kenys\u00e9g, melynek az a c\u00e9lja, hogy vissza\u00e9ljen m\u00e1sok bizalm\u00e1val \u00e9s ide tartozik b\u00e1rmilyen m\u00e1s \u00fczenet is, amely t\u00f6rv\u00e9nytelen, erk\u00f6lcstelen, r\u00e1galmaz\u00f3, fenyeget\u0151, tiszteletlen vagy vissza\u00e9l\u00e9st jelent\u0151 sz\u00f6veget tartalmaz, vagy amely b\u00e1rmilyen m\u00f3don s\u00e9rti a szellemi tulajdonhoz val\u00f3 jogot vagy m\u00e1s olyan jogokat, melyekkel egy harmadik f\u00e9l rendelkezhet.<\/p>\n<ol start=\"8\">\n<li><strong> Jelen felt\u00e9telek m\u00f3dos\u00edt\u00e1sa<\/strong><\/li>\n<\/ol>\n<p>A MCT fenntartja mag\u00e1nak a jogot, hogy ezeket a felt\u00e9teleket megv\u00e1ltoztassa, az \u00faj szab\u00e1lyzat v\u00e1ltozatot \u00e9s ennek id\u0151pontj\u00e1t m\u00f3dos\u00edtva, an\u00e9lk\u00fcl, hogy b\u00e1rmilyen m\u00e1s formas\u00e1gnak eleget kellene tennie. Abban az esetben, ha ezek a felt\u00e9telek m\u00f3dosulnak, a MCT \u00e9rtes\u00edtheti az \u00d6n MCT hozz\u00e1f\u00e9r\u00e9s\u00e9hez tartoz\u00f3 felhaszn\u00e1l\u00f3i egys\u00e9get egy \u00fczenet vagy egy e-mail form\u00e1j\u00e1ban, vagy az\u00e1ltal, hogy a honlap f\u0151oldal\u00e1n k\u00f6zz\u00e9tesz egy linket, amely a jelen dokumentum egy \u00faj v\u00e1ltozat\u00e1hoz vezet. A honlapra val\u00f3 bel\u00e9p\u00e9s, az \u00d6n felhaszn\u00e1l\u00f3i hozz\u00e1f\u00e9r\u00e9s\u00e9nek haszn\u00e1lata, valamint a szolg\u00e1ltat\u00e1saink haszn\u00e1lata az \u00e9rtes\u00edt\u00e9s k\u00f6zl\u00e9se ut\u00e1n, vagy a v\u00e1ltoztat\u00e1sokat jelz\u0151 link k\u00f6zl\u00e9se ut\u00e1n a honlap els\u0151 oldal\u00e1n, egy\u00fctt j\u00e1r azzal, hogy \u00d6n beleegyez\u00e9s\u00e9t adta az \u00faj felt\u00e9telek tiszteletben tart\u00e1s\u00e1hoz.<\/p>\n","protected":false},"excerpt":{"rendered":"<p>A &#8222;Mi\u0219carea Charismatic\u0103 Teofanic\u0103&#8221;\u00a0honlapj\u00e1nak \u00e1ltal\u00e1nos bel\u00e9p\u00e9si felt\u00e9telei:\u00a0miscareacharismatica.ro\u00a0\u00e9s ennek az al-dom\u00e9niumai Tudnival\u00f3k a honlapr\u00f3l 1.1. A MCT internetes honlapot k\u00f6z\u00f6tt az \u201cASOCIA\u0162IA NA\u0162IONAL\u0102 PENTRU PROMOVAREA MEDICINELOR NECONVEN\u0162IONALE\u201d, r\u00f6vid\u00edtve az AMN ROMANIA (Az alternat\u00edv gy\u00f3gym\u00f3dok terjeszt\u00e9s\u00e9nek orsz\u00e1gos egyes\u00fclete) adminisztr\u00e1lja., Az AMN ROMANIA sz\u00e9khelye Bucure\u0219ti, sector 3, Aleea Cioplea nr. 6, cam. 108, bejegyezve ezen a sz\u00e1mon: 219\/PJ\/1992, [&hellip;]<\/p>\n","protected":false},"author":2025,"featured_media":0,"parent":0,"menu_order":0,"comment_status":"closed","ping_status":"closed","template":"","meta":{"footnotes":""},"class_list":["post-6085","page","type-page","status-publish"],"_links":{"self":[{"href":"https:\/\/miscareacharismatica.ro\/hu\/wp-json\/wp\/v2\/pages\/6085","targetHints":{"allow":["GET"]}}],"collection":[{"href":"https:\/\/miscareacharismatica.ro\/hu\/wp-json\/wp\/v2\/pages"}],"about":[{"href":"https:\/\/miscareacharismatica.ro\/hu\/wp-json\/wp\/v2\/types\/page"}],"author":[{"embeddable":true,"href":"https:\/\/miscareacharismatica.ro\/hu\/wp-json\/wp\/v2\/users\/2025"}],"replies":[{"embeddable":true,"href":"https:\/\/miscareacharismatica.ro\/hu\/wp-json\/wp\/v2\/comments?post=6085"}],"version-history":[{"count":2,"href":"https:\/\/miscareacharismatica.ro\/hu\/wp-json\/wp\/v2\/pages\/6085\/revisions"}],"predecessor-version":[{"id":6090,"href":"https:\/\/miscareacharismatica.ro\/hu\/wp-json\/wp\/v2\/pages\/6085\/revisions\/6090"}],"wp:attachment":[{"href":"https:\/\/miscareacharismatica.ro\/hu\/wp-json\/wp\/v2\/media?parent=6085"}],"curies":[{"name":"wp","href":"https:\/\/api.w.org\/{rel}","templated":true}]}}