{"id":6132,"date":"2016-10-02T00:09:32","date_gmt":"2016-10-01T21:09:32","guid":{"rendered":"https:\/\/miscareacharismatica.ro\/contact\/"},"modified":"2021-05-16T11:58:02","modified_gmt":"2021-05-16T08:58:02","slug":"kapcsolat","status":"publish","type":"page","link":"https:\/\/miscareacharismatica.ro\/hu\/kapcsolat\/","title":{"rendered":"Kapcsolat"},"content":{"rendered":"<div id=\"tdi_1\" class=\"tdc-row\"><div class=\"vc_row tdi_2  wpb_row td-pb-row\" >\n<style scoped>\n\/* custom css - generated by TagDiv Composer *\/\n\n\/* custom css - generated by TagDiv Composer *\/\n.tdi_2,\r\n                .tdi_2 .tdc-columns{\r\n                    min-height: 0;\r\n                }.tdi_2,\r\n\t\t\t\t.tdi_2 .tdc-columns{\r\n\t\t\t\t    display: block;\r\n\t\t\t\t}.tdi_2 .tdc-columns{\r\n\t\t\t\t    width: 100%;\r\n\t\t\t\t}.tdi_2:before,\r\n\t\t\t\t.tdi_2:after{\r\n\t\t\t\t    display: table;\r\n\t\t\t\t}\n<\/style><div class=\"vc_column tdi_4  wpb_column vc_column_container tdc-column td-pb-span8\">\n<style scoped>\n\/* custom css - generated by TagDiv Composer *\/\n\n\/* custom css - generated by TagDiv Composer *\/\n.tdi_4{\r\n                    vertical-align: baseline;\r\n                }.tdi_4 > .wpb_wrapper,\r\n\t\t\t\t.tdi_4 > .wpb_wrapper > .tdc-elements{\r\n\t\t\t\t    display: block;\r\n\t\t\t\t}.tdi_4 > .wpb_wrapper > .tdc-elements{\r\n\t\t\t\t    width: 100%;\r\n\t\t\t\t}.tdi_4 > .wpb_wrapper > .vc_row_inner{\r\n\t\t\t\t    width: auto;\r\n\t\t\t\t}.tdi_4 > .wpb_wrapper{\r\n\t\t\t\t    width: auto;\r\n\t\t\t\t    height: auto;\r\n\t\t\t\t}\n<\/style><div class=\"wpb_wrapper\" ><div class=\"wpb_wrapper wpb_text_column td_block_wrap td_block_wrap vc_column_text tdi_5  tagdiv-type td-pb-border-top td_block_template_1\"  data-td-block-uid=\"tdi_5\" >\n<style>\n\/* custom css - generated by TagDiv Composer *\/\n.vc_column_text > .td-element-style{\r\n\t\t\t\t\tz-index: -1;\r\n\t\t\t\t}\n<\/style><div class=\"td-fix-index\"><p><img loading=\"lazy\" decoding=\"async\" class=\"alignleft size-medium wp-image-603\" src=\"http:\/\/miscareacharismatica.ro\/wp-content\/uploads\/2016\/10\/ContactUs-300x169.jpg\" alt=\"\" width=\"300\" height=\"169\" srcset=\"https:\/\/miscareacharismatica.ro\/wp-content\/uploads\/2016\/10\/ContactUs-300x169.jpg 300w, https:\/\/miscareacharismatica.ro\/wp-content\/uploads\/2016\/10\/ContactUs-150x84.jpg 150w, https:\/\/miscareacharismatica.ro\/wp-content\/uploads\/2016\/10\/ContactUs-696x391.jpg 696w, https:\/\/miscareacharismatica.ro\/wp-content\/uploads\/2016\/10\/ContactUs-747x420.jpg 747w, https:\/\/miscareacharismatica.ro\/wp-content\/uploads\/2016\/10\/ContactUs.jpg 767w\" sizes=\"auto, (max-width: 300px) 100vw, 300px\" \/>\u00a0Ezen a honlapon lehet\u0151s\u00e9getek van megosztani az \u00e1t\u00e9l\u00e9seiteket, megjegyz\u00e9seiteket, javaslataitokat.<span class=\"Apple-converted-space\">\u00a0<\/span><\/p>\n<p>\u00cdgy, ennek a kiemelked\u0151 spiritu\u00e1lis Esem\u00e9nynek a r\u00e9sztvev\u0151i megoszthatj\u00e1k az \u00e1t\u00e9l\u00e9seiket, tapasztalataikat, valamint ezzel kapcsolatos gondolataikat \u00e9s benyom\u00e1saikat egym\u00e1ssal \u00e9s Vel\u00fcnk.<span class=\"Apple-converted-space\">\u00a0<\/span><\/p>\n<p>Posztolhatj\u00e1tok a meg\u00e9l\u00e9seiteket, vallom\u00e1saitokat ezen az oldalon, vagy elk\u00fcldhetitek  az al\u00e1bbi emailc\u00edmre:<span class=\"Apple-converted-space\">\u00a0<\/span><a href=\"mailto:contact@miscareacharismatica.ro\">contact@miscareacharismatica.ro<\/a> <\/p>\n<p><!--&#091;contact-form-7 id=\"6194\" title=\"Contact HU\"&#093; --><\/p>\n<p>K\u00f6sz\u00f6nj\u00fck.<\/p>\n<\/div><\/div><\/div><\/div><div class=\"vc_column tdi_7  wpb_column vc_column_container tdc-column td-pb-span4\">\n<style scoped>\n\/* custom css - generated by TagDiv Composer *\/\n\n\/* custom css - generated by TagDiv Composer *\/\n.tdi_7{\r\n                    vertical-align: baseline;\r\n                }.tdi_7 > .wpb_wrapper,\r\n\t\t\t\t.tdi_7 > .wpb_wrapper > .tdc-elements{\r\n\t\t\t\t    display: block;\r\n\t\t\t\t}.tdi_7 > .wpb_wrapper > .tdc-elements{\r\n\t\t\t\t    width: 100%;\r\n\t\t\t\t}.tdi_7 > .wpb_wrapper > .vc_row_inner{\r\n\t\t\t\t    width: auto;\r\n\t\t\t\t}.tdi_7 > .wpb_wrapper{\r\n\t\t\t\t    width: auto;\r\n\t\t\t\t    height: auto;\r\n\t\t\t\t}\n<\/style><div class=\"wpb_wrapper\" ><\/div><\/div><\/div><\/div>","protected":false},"excerpt":{"rendered":"","protected":false},"author":1,"featured_media":0,"parent":0,"menu_order":0,"comment_status":"closed","ping_status":"closed","template":"","meta":{"footnotes":""},"class_list":["post-6132","page","type-page","status-publish"],"_links":{"self":[{"href":"https:\/\/miscareacharismatica.ro\/hu\/wp-json\/wp\/v2\/pages\/6132","targetHints":{"allow":["GET"]}}],"collection":[{"href":"https:\/\/miscareacharismatica.ro\/hu\/wp-json\/wp\/v2\/pages"}],"about":[{"href":"https:\/\/miscareacharismatica.ro\/hu\/wp-json\/wp\/v2\/types\/page"}],"author":[{"embeddable":true,"href":"https:\/\/miscareacharismatica.ro\/hu\/wp-json\/wp\/v2\/users\/1"}],"replies":[{"embeddable":true,"href":"https:\/\/miscareacharismatica.ro\/hu\/wp-json\/wp\/v2\/comments?post=6132"}],"version-history":[{"count":5,"href":"https:\/\/miscareacharismatica.ro\/hu\/wp-json\/wp\/v2\/pages\/6132\/revisions"}],"predecessor-version":[{"id":6398,"href":"https:\/\/miscareacharismatica.ro\/hu\/wp-json\/wp\/v2\/pages\/6132\/revisions\/6398"}],"wp:attachment":[{"href":"https:\/\/miscareacharismatica.ro\/hu\/wp-json\/wp\/v2\/media?parent=6132"}],"curies":[{"name":"wp","href":"https:\/\/api.w.org\/{rel}","templated":true}]}}