{"id":6013,"date":"2021-05-01T15:59:19","date_gmt":"2021-05-01T12:59:19","guid":{"rendered":"https:\/\/miscareacharismatica.ro\/login\/"},"modified":"2021-06-19T12:59:31","modified_gmt":"2021-06-19T09:59:31","slug":"accedi","status":"publish","type":"page","link":"https:\/\/miscareacharismatica.ro\/it\/accedi\/","title":{"rendered":"Accedi"},"content":{"rendered":"<p>Le persone che si sono gi\u00e0 registrate sul sito MCT per l&#8217;ascolto della conferenza di maggio 2021 utilizzeranno lo stesso nome utente e password (attenzione, non \u00e8 pi\u00f9 necessario il codice di accesso. Il codice \u00e8 stato inserito una sola volta in fase di registrazione).<\/p>\n<p>Inserisci qui il tuo nome utente e password:<\/p>\n\n<div class=\"mp_wrapper mp_login_form\">\n                  <!-- mp-login-form-start -->     <form name=\"mepr_loginform\" id=\"mepr_loginform\" class=\"mepr-form\" action=\"https:\/\/miscareacharismatica.ro\/login\/\" method=\"post\">\n            <div class=\"mp-form-row mepr_username\">\n        <div class=\"mp-form-label\">\n                              <label for=\"user_login\">Nome utente o email<\/label>\n        <\/div>\n        <input type=\"text\" name=\"log\" id=\"user_login\" value=\"\" \/>\n      <\/div>\n      <div class=\"mp-form-row mepr_password\">\n        <div class=\"mp-form-label\">\n          <label for=\"user_pass\">Password<\/label>\n          <div class=\"mp-hide-pw\">\n            <input type=\"password\" name=\"pwd\" id=\"user_pass\" value=\"\" \/>\n            <button type=\"button\" class=\"button mp-hide-pw hide-if-no-js\" data-toggle=\"0\" aria-label=\"Mostra password\">\n              <span class=\"dashicons dashicons-visibility\" aria-hidden=\"true\"><\/span>\n            <\/button>\n          <\/div>\n        <\/div>\n      <\/div>\n            <div>\n        <label><input name=\"rememberme\" type=\"checkbox\" id=\"rememberme\" value=\"forever\" \/> Ricordami<\/label>\n      <\/div>\n      <div class=\"mp-spacer\">&nbsp;<\/div>\n      <div class=\"submit\">\n        <input type=\"submit\" name=\"wp-submit\" id=\"wp-submit\" class=\"button-primary mepr-share-button \" value=\"Login\" \/>\n        <input type=\"hidden\" name=\"redirect_to\" value=\"\/it\/wp-json\/wp\/v2\/pages\/6013\" \/>\n        <input type=\"hidden\" name=\"mepr_process_login_form\" value=\"true\" \/>\n        <input type=\"hidden\" name=\"mepr_is_login_page\" value=\"false\" \/>\n      <\/div>\n    <\/form>\n    <div class=\"mp-spacer\">&nbsp;<\/div>\n    <div class=\"mepr-login-actions\">\n        <a\n          href=\"https:\/\/miscareacharismatica.ro\/login\/?action=forgot_password\"\n          title=\"Click here to reset your password\"\n        >\n          Password dimenticata        <\/a>\n    <\/div>\n\n      \n    <!-- mp-login-form-end --> \n  <\/div>\n\n<p>&nbsp;<\/p>\n<p>Le persone che non si sono ancora registrate ma hanno un codice MCT, sono tenute a registrarsi nella <strong><a href=\"https:\/\/miscareacharismatica.ro\/it\/registrazione\/\" target=\"_blank\" rel=\"noopener\">pagina dedicata<\/a><\/strong>.<\/p>\n<p>Le persone che non hanno un codice MCT, o che lo hanno perso senza potersi registrare, possono richiedere un codice, seguendo le istruzioni:<\/p>\n<p>I corsisti della scuola Rumena invieranno una e-mail a <strong><a href=\"mailto:mctonline2021@gmail.com\" target=\"_blank\" rel=\"noopener\">mctonline2021@gmail.com<\/a><\/strong>.<br \/>\nGli insegnanti di yoga dalla Romania e dall&#8217;estero, docenti di Ayurveda e corsisti dall&#8217;estero invieranno una e-mail a <strong><a href=\"mailto:mct2i@yahoo.com\" target=\"_blank\" rel=\"noopener\">mct2i@yahoo.com<\/a><\/strong>.<\/p>\n<p>L&#8217;e-mail conterr\u00e0: nome, cognome, anno di corso, citt\u00e0, codice sulla tessera MCT oppure il numero e serie della ricevuta per coloro che sono stati ammessi ma non sono ancora in possesso della tessera MCT (es: ROM 001000).<\/p>\n<p>Ogni iscritto ricever\u00e0 un codice di accesso insieme alle relative istruzioni sull&#8217;indirizzo e-mail da cui si \u00e8 iscritto. Il codice \u00e8 personale e non cedibile.<\/p>\n","protected":false},"excerpt":{"rendered":"<p>Le persone che si sono gi\u00e0 registrate sul sito MCT per l&#8217;ascolto della conferenza di maggio 2021 utilizzeranno lo stesso nome utente e password (attenzione, non \u00e8 pi\u00f9 necessario il codice di accesso. Il codice \u00e8 stato inserito una sola volta in fase di registrazione). Inserisci qui il tuo nome utente e password: &nbsp; Le [&hellip;]<\/p>\n","protected":false},"author":2025,"featured_media":0,"parent":0,"menu_order":0,"comment_status":"closed","ping_status":"closed","template":"","meta":{"footnotes":""},"class_list":["post-6013","page","type-page","status-publish"],"_links":{"self":[{"href":"https:\/\/miscareacharismatica.ro\/it\/wp-json\/wp\/v2\/pages\/6013","targetHints":{"allow":["GET"]}}],"collection":[{"href":"https:\/\/miscareacharismatica.ro\/it\/wp-json\/wp\/v2\/pages"}],"about":[{"href":"https:\/\/miscareacharismatica.ro\/it\/wp-json\/wp\/v2\/types\/page"}],"author":[{"embeddable":true,"href":"https:\/\/miscareacharismatica.ro\/it\/wp-json\/wp\/v2\/users\/2025"}],"replies":[{"embeddable":true,"href":"https:\/\/miscareacharismatica.ro\/it\/wp-json\/wp\/v2\/comments?post=6013"}],"version-history":[{"count":5,"href":"https:\/\/miscareacharismatica.ro\/it\/wp-json\/wp\/v2\/pages\/6013\/revisions"}],"predecessor-version":[{"id":6688,"href":"https:\/\/miscareacharismatica.ro\/it\/wp-json\/wp\/v2\/pages\/6013\/revisions\/6688"}],"wp:attachment":[{"href":"https:\/\/miscareacharismatica.ro\/it\/wp-json\/wp\/v2\/media?parent=6013"}],"curies":[{"name":"wp","href":"https:\/\/api.w.org\/{rel}","templated":true}]}}