{"id":6066,"date":"2021-05-10T21:16:23","date_gmt":"2021-05-10T18:16:23","guid":{"rendered":"https:\/\/miscareacharismatica.ro\/regulamentul-activitatilor-online-ale-miscarii-charismatice-teofanice\/"},"modified":"2021-07-07T07:39:04","modified_gmt":"2021-07-07T04:39:04","slug":"regulamentul-activitatilor-online-ale-miscarii-charismatice-teofanice","status":"publish","type":"page","link":"https:\/\/miscareacharismatica.ro\/it\/regulamentul-activitatilor-online-ale-miscarii-charismatice-teofanice\/","title":{"rendered":"Regulamentul activit\u0103\u021bilor online ale Mi\u0219c\u0103rii Charismatice Teofanice"},"content":{"rendered":"<p>Pentru a ne referi la <em>Mi\u0219carea Charismatic\u0103 Teofanic\u0103<\/em> vom folosi \u00een cele ce urmeaz\u0103 prescurtarea <strong>MCT<\/strong>.<\/p>\n<p>Activit\u0103\u021bile Mi\u0219c\u0103rii Charismatice Teofanice (MCT) ce vor fi realizate online vor fi numite pe scurt \u00een continuare \u201dactivit\u0103\u021bi MCT\u201d.<\/p>\n<ul>\n<li>Activit\u0103\u021bile MCT sunt rezervate persoanelor peste 18 ani care de\u021bin o legitima\u021bie MCT valabil\u0103 sau un bon MCT valabil.<br \/>\nPrin semnarea \u00een prealabil a Formularului de \u00eenscriere \u0219i prin acceptarea Termenilor \u0219i condi\u021biilor de acces pe acest site confirma\u021bi c\u0103 ave\u021bi peste 18 ani.<\/li>\n<li>Codul de acces pe site-ul activit\u0103\u021bilor MCT este unic \u0219i netransmisibil. V\u0103 rug\u0103m s\u0103 \u00een\u021belege\u021bi c\u0103, dac\u0103 vom constata tentative de conectare cu acela\u0219i cod simultan \u00een locuri diferite, vom bloca accesul la respectivul cod.<\/li>\n<li>Toate conferin\u021bele \u0219i medita\u021biile ce fac parte din activit\u0103\u021bile MCT vor beneficia de traducere \u00een limbile englez\u0103, spaniol\u0103, rus\u0103, ceh\u0103, maghiar\u0103, italian\u0103 pe canalele corespondente.<\/li>\n<li>Programul detaliat al activit\u0103\u021bilor MCT va fi disponibil pe site-ul dedicat. Este posibil ca la unele conferin\u021be \u00een premier\u0103 s\u0103 apar\u0103 modific\u0103ri de ultim\u0103 or\u0103 \u00een privin\u021ba duratei sau a orei de \u00eencepere. Aceste modific\u0103ri vor fi anun\u021bate \u00een timp util \u0219i vor fi marcate vizibil \u00een programul dedicat.<\/li>\n<li>Recomand\u0103m participan\u021bilor s\u0103 realizeze la fiecare conectare metoda de protec\u021bie pentru accesarea internetului, ce este accesibil\u0103 pe site, la \u00eenceputul fiec\u0103rui modul al programului.<\/li>\n<li>\u00cen cazul \u00een care v\u0103 confrunta\u021bi cu \u00eentreb\u0103ri \u0219i probleme de natur\u0103 tehnic\u0103 ave\u021bi la dispozi\u021bie o fereastr\u0103 de chat, aflat\u0103 \u00een partea dreapt\u0103 a ecranului. Aten\u021bie, pe chat nu se va r\u0103spunde la \u00eentreb\u0103ri legate de con\u021binutul conferin\u021belor, ci exclusiv la \u00eentreb\u0103ri de natur\u0103 tehnic\u0103 sau administrativ\u0103.<\/li>\n<li>Sunte\u021bi invita\u021bi s\u0103 trimite\u021bi relat\u0103ri sau \u00eentreb\u0103ri pertinente, cu miez, direct \u00een pagina de Contact de pe site, preciz\u00e2nd de fiecare dat\u0103: numele, prenumele, anul de curs \u0219i localitatea, titlul conferin\u021bei sau al medita\u021biei, dup\u0103 caz (iar \u00een cazul \u00een care conferin\u021ba are mai multe p\u0103r\u021bi preciza\u021bi la ce parte v\u0103 referi\u021bi). La aceste \u00eentreb\u0103ri se va r\u0103spunde \u00een cadrul urm\u0103toarelor tabere de vacan\u021b\u0103. <em>Nu ve\u021bi primi r\u0103spunsuri personal, pe email.\u00a0<\/em><\/li>\n<li>Persoanele care se vor \u00eenregistra pe site dup\u0103 ce activit\u0103\u021bile MCT au \u00eenceput vor participa doar la activit\u0103\u021bile din zilele r\u0103mase, nu vor putea solicita o eventual\u0103 reluare a activit\u0103\u021bilor MCT la care nu au participat.<\/li>\n<li>Pentru a putea primi \u00een timp real anun\u021burile relevante (spre exemplu despre eventuale modific\u0103ri de program), cei care doresc se pot abona pe canalul de Telegram dedicat taberei, acces\u00e2nd linkul https:\/\/t.me\/tabaraonline. Acesta nu este un grup de discu\u021bii, nu se r\u0103spunde la \u00eentreb\u0103ri, se vor posta strict doar anun\u021buri.<\/li>\n<\/ul>\n","protected":false},"excerpt":{"rendered":"<p>Pentru a ne referi la Mi\u0219carea Charismatic\u0103 Teofanic\u0103 vom folosi \u00een cele ce urmeaz\u0103 prescurtarea MCT. Activit\u0103\u021bile Mi\u0219c\u0103rii Charismatice Teofanice (MCT) ce vor fi realizate online vor fi numite pe scurt \u00een continuare \u201dactivit\u0103\u021bi MCT\u201d. Activit\u0103\u021bile MCT sunt rezervate persoanelor peste 18 ani care de\u021bin o legitima\u021bie MCT valabil\u0103 sau un bon MCT valabil. Prin [&hellip;]<\/p>\n","protected":false},"author":1558,"featured_media":0,"parent":0,"menu_order":0,"comment_status":"closed","ping_status":"closed","template":"","meta":{"footnotes":""},"class_list":["post-6066","page","type-page","status-publish"],"_links":{"self":[{"href":"https:\/\/miscareacharismatica.ro\/it\/wp-json\/wp\/v2\/pages\/6066","targetHints":{"allow":["GET"]}}],"collection":[{"href":"https:\/\/miscareacharismatica.ro\/it\/wp-json\/wp\/v2\/pages"}],"about":[{"href":"https:\/\/miscareacharismatica.ro\/it\/wp-json\/wp\/v2\/types\/page"}],"author":[{"embeddable":true,"href":"https:\/\/miscareacharismatica.ro\/it\/wp-json\/wp\/v2\/users\/1558"}],"replies":[{"embeddable":true,"href":"https:\/\/miscareacharismatica.ro\/it\/wp-json\/wp\/v2\/comments?post=6066"}],"version-history":[{"count":1,"href":"https:\/\/miscareacharismatica.ro\/it\/wp-json\/wp\/v2\/pages\/6066\/revisions"}],"predecessor-version":[{"id":6876,"href":"https:\/\/miscareacharismatica.ro\/it\/wp-json\/wp\/v2\/pages\/6066\/revisions\/6876"}],"wp:attachment":[{"href":"https:\/\/miscareacharismatica.ro\/it\/wp-json\/wp\/v2\/media?parent=6066"}],"curies":[{"name":"wp","href":"https:\/\/api.w.org\/{rel}","templated":true}]}}